{"id":3,"date":"2023-01-16T15:05:35","date_gmt":"2023-01-16T15:05:35","guid":{"rendered":"https:\/\/leroux.qodeinteractive.com\/?page_id=3"},"modified":"2024-07-19T19:30:19","modified_gmt":"2024-07-20T01:30:19","slug":"privacy-policy","status":"publish","type":"page","link":"https:\/\/demo.cuevano.mx\/altbic\/privacy-policy\/","title":{"rendered":"Aviso de Privacidad"},"content":{"rendered":"\t\t<div data-elementor-type=\"wp-page\" data-elementor-id=\"3\" class=\"elementor elementor-3\">\n\t\t\t\t\t\t<section class=\"elementor-section elementor-top-section elementor-element elementor-element-25434705 elementor-section-full_width elementor-section-height-default elementor-section-height-default\" data-id=\"25434705\" data-element_type=\"section\" data-e-type=\"section\">\n\t\t\t\t\t\t<div class=\"elementor-container elementor-column-gap-default\">\n\t\t\t\t\t<div class=\"elementor-column elementor-col-100 elementor-top-column elementor-element elementor-element-5aa2d5b3\" data-id=\"5aa2d5b3\" data-element_type=\"column\" data-e-type=\"column\">\n\t\t\t<div class=\"elementor-widget-wrap elementor-element-populated\">\n\t\t\t\t\t\t<div class=\"elementor-element elementor-element-bb7af27 elementor-widget elementor-widget-leroux_core_section_title\" data-id=\"bb7af27\" data-element_type=\"widget\" data-e-type=\"widget\" data-widget_type=\"leroux_core_section_title.default\">\n\t\t\t\t<div class=\"elementor-widget-container\">\n\t\t\t\t\t<div class=\"qodef-shortcode qodef-m  qodef-section-title qodef-alignment--center \">\n\t\t<h2 class=\"qodef-m-title\" >\n\t\t\t\t\tAviso de privacidad\t\t\t<\/h2>\n\t<\/div>\n\t\t\t\t<\/div>\n\t\t\t\t<\/div>\n\t\t\t\t<div class=\"elementor-element elementor-element-4bb4e95 elementor-widget elementor-widget-text-editor\" data-id=\"4bb4e95\" data-element_type=\"widget\" data-e-type=\"widget\" data-widget_type=\"text-editor.default\">\n\t\t\t\t<div class=\"elementor-widget-container\">\n\t\t\t\t\t\t\t\t\t\n<h2 class=\"wp-block-heading\" style=\"color: #0dcddc;\">\u00bfQui\u00e9nes somos?<\/h2>\n\n<p>RMC Business and Investment Consulting Group S.A de C.V, mejor conocido como Altbic, con domicilio en calle Calle Tancitaro 1329, int. 1, colonia San Jer\u00f3nimo I, en la ciudad de Le\u00f3n, C.P. 37204, en la entidad de Guanajuato, pa\u00eds M\u00e9xico, y portal de internet <a style=\"color: #0dcddc;\" href=\"https:\/\/demo.cuevano.mx\/altbic\">www.altbic.com<\/a>, es el responsable del uso y protecci\u00f3n de sus datos personales, y al respecto le informamos lo siguiente:<\/p>\n\n<h2 class=\"wp-block-heading\" style=\"color: #f27f3d;\">\u00bfPara qu\u00e9 fines utilizaremos sus datos personales?<\/h2>\n\n<p>De manera adicional, utilizaremos su informaci\u00f3n personal para las siguientes finalidades secundarias que no son necesarias para el servicio solicitado, pero que nos permiten y facilitan brindarle una mejor atenci\u00f3n:<\/p>\n<ul style=\"padding-left: 40px;\">\n<li>Publicidad<\/li>\n<li>Recaudaci\u00f3n de datos del cliente<\/li>\n<li>Prospecci\u00f3n<\/li>\n<li>Mercadotecnia o publicitaria<\/li>\n<li>Prospecci\u00f3n comercial<\/li>\n<\/ul>\n\n<p>En caso de que no desee que sus datos personales se utilicen para estos fines secundarios, ind\u00edquelo enviando un correo electr\u00f3nico a trav\u00e9s de la forma de <a style=\"color: #0dcddc;\" target=\"_blank\">contacto<\/a> incluyendo la informaci\u00f3n descrita a continuaci\u00f3n: No consiento que mis datos personales se utilicen para los siguientes fines:<\/p>\n<ul style=\"padding-left: 40px;\">\n<li>Publicidad<\/li>\n<li>Recaudaci\u00f3n de datos del cliente<\/li>\n<li>Prospecci\u00f3n<\/li>\n<li>Mercadotecnia o publicitaria<\/li>\n<li>Prospecci\u00f3n comercial<\/li>\n<\/ul>\n\n<p>La negativa para el uso de sus datos personales para estas finalidades no podr\u00e1 ser un motivo para que le neguemos los servicios y productos que solicita o contrata con nosotros.<\/p>\n\t\t\t\t\t\t\t\t<\/div>\n\t\t\t\t<\/div>\n\t\t\t\t\t<\/div>\n\t\t<\/div>\n\t\t\t\t\t<\/div>\n\t\t<\/section>\n\t\t\t\t<\/div>\n\t\t","protected":false},"excerpt":{"rendered":"<p>Aviso de privacidad \u00bfQui\u00e9nes somos? RMC Business and Investment Consulting Group S.A de C.V, mejor conocido como Altbic, con domicilio en calle Calle Tancitaro 1329, int. 1, colonia San Jer\u00f3nimo I, en la ciudad de Le\u00f3n, C.P. 37204, en la entidad de Guanajuato, pa\u00eds M\u00e9xico, y portal de internet www.altbic.com, es el responsable del uso [&hellip;]<\/p>\n","protected":false},"author":3,"featured_media":0,"parent":0,"menu_order":0,"comment_status":"closed","ping_status":"open","template":"page-full-width.php","meta":{"footnotes":""},"class_list":["post-3","page","type-page","status-publish","hentry"],"yoast_head":"<!-- This site is optimized with the Yoast SEO plugin v27.5 - https:\/\/yoast.com\/product\/yoast-seo-wordpress\/ -->\n<title>Aviso de Privacidad - altbic<\/title>\n<meta name=\"robots\" content=\"index, follow, max-snippet:-1, max-image-preview:large, max-video-preview:-1\" \/>\n<link rel=\"canonical\" href=\"https:\/\/demo.cuevano.mx\/altbic\/privacy-policy\/\" \/>\n<meta property=\"og:locale\" content=\"es_ES\" \/>\n<meta property=\"og:type\" content=\"article\" \/>\n<meta property=\"og:title\" content=\"Aviso de Privacidad - altbic\" \/>\n<meta property=\"og:description\" content=\"Aviso de privacidad \u00bfQui\u00e9nes somos? RMC Business and Investment Consulting Group S.A de C.V, mejor conocido como Altbic, con domicilio en calle Calle Tancitaro 1329, int. 1, colonia San Jer\u00f3nimo I, en la ciudad de Le\u00f3n, C.P. 37204, en la entidad de Guanajuato, pa\u00eds M\u00e9xico, y portal de internet www.altbic.com, es el responsable del uso [&hellip;]\" \/>\n<meta property=\"og:url\" content=\"https:\/\/demo.cuevano.mx\/altbic\/privacy-policy\/\" \/>\n<meta property=\"og:site_name\" content=\"altbic\" \/>\n<meta property=\"article:modified_time\" content=\"2024-07-20T01:30:19+00:00\" \/>\n<meta name=\"twitter:card\" content=\"summary_large_image\" \/>\n<meta name=\"twitter:label1\" content=\"Tiempo de lectura\" \/>\n\t<meta name=\"twitter:data1\" content=\"1 minuto\" \/>\n<script type=\"application\/ld+json\" class=\"yoast-schema-graph\">{\"@context\":\"https:\\\/\\\/schema.org\",\"@graph\":[{\"@type\":\"WebPage\",\"@id\":\"https:\\\/\\\/demo.cuevano.mx\\\/altbic\\\/privacy-policy\\\/\",\"url\":\"https:\\\/\\\/demo.cuevano.mx\\\/altbic\\\/privacy-policy\\\/\",\"name\":\"Aviso de Privacidad - altbic\",\"isPartOf\":{\"@id\":\"https:\\\/\\\/demo.cuevano.mx\\\/altbic\\\/#website\"},\"datePublished\":\"2023-01-16T15:05:35+00:00\",\"dateModified\":\"2024-07-20T01:30:19+00:00\",\"breadcrumb\":{\"@id\":\"https:\\\/\\\/demo.cuevano.mx\\\/altbic\\\/privacy-policy\\\/#breadcrumb\"},\"inLanguage\":\"es\",\"potentialAction\":[{\"@type\":\"ReadAction\",\"target\":[\"https:\\\/\\\/demo.cuevano.mx\\\/altbic\\\/privacy-policy\\\/\"]}]},{\"@type\":\"BreadcrumbList\",\"@id\":\"https:\\\/\\\/demo.cuevano.mx\\\/altbic\\\/privacy-policy\\\/#breadcrumb\",\"itemListElement\":[{\"@type\":\"ListItem\",\"position\":1,\"name\":\"Home\",\"item\":\"https:\\\/\\\/demo.cuevano.mx\\\/altbic\\\/\"},{\"@type\":\"ListItem\",\"position\":2,\"name\":\"Aviso de Privacidad\"}]},{\"@type\":\"WebSite\",\"@id\":\"https:\\\/\\\/demo.cuevano.mx\\\/altbic\\\/#website\",\"url\":\"https:\\\/\\\/demo.cuevano.mx\\\/altbic\\\/\",\"name\":\"altbic\",\"description\":\"\",\"publisher\":{\"@id\":\"https:\\\/\\\/demo.cuevano.mx\\\/altbic\\\/#organization\"},\"potentialAction\":[{\"@type\":\"SearchAction\",\"target\":{\"@type\":\"EntryPoint\",\"urlTemplate\":\"https:\\\/\\\/demo.cuevano.mx\\\/altbic\\\/?s={search_term_string}\"},\"query-input\":{\"@type\":\"PropertyValueSpecification\",\"valueRequired\":true,\"valueName\":\"search_term_string\"}}],\"inLanguage\":\"es\"},{\"@type\":\"Organization\",\"@id\":\"https:\\\/\\\/demo.cuevano.mx\\\/altbic\\\/#organization\",\"name\":\"Altbic\",\"url\":\"https:\\\/\\\/demo.cuevano.mx\\\/altbic\\\/\",\"logo\":{\"@type\":\"ImageObject\",\"inLanguage\":\"es\",\"@id\":\"https:\\\/\\\/demo.cuevano.mx\\\/altbic\\\/#\\\/schema\\\/logo\\\/image\\\/\",\"url\":\"https:\\\/\\\/demo.cuevano.mx\\\/altbic\\\/wp-content\\\/uploads\\\/2023\\\/09\\\/cropped-Logo.png\",\"contentUrl\":\"https:\\\/\\\/demo.cuevano.mx\\\/altbic\\\/wp-content\\\/uploads\\\/2023\\\/09\\\/cropped-Logo.png\",\"width\":420,\"height\":136,\"caption\":\"Altbic\"},\"image\":{\"@id\":\"https:\\\/\\\/demo.cuevano.mx\\\/altbic\\\/#\\\/schema\\\/logo\\\/image\\\/\"},\"sameAs\":[\"https:\\\/\\\/www.instagram.com\\\/altbic\\\/\"]}]}<\/script>\n<!-- \/ Yoast SEO plugin. -->","yoast_head_json":{"title":"Aviso de Privacidad - altbic","robots":{"index":"index","follow":"follow","max-snippet":"max-snippet:-1","max-image-preview":"max-image-preview:large","max-video-preview":"max-video-preview:-1"},"canonical":"https:\/\/demo.cuevano.mx\/altbic\/privacy-policy\/","og_locale":"es_ES","og_type":"article","og_title":"Aviso de Privacidad - altbic","og_description":"Aviso de privacidad \u00bfQui\u00e9nes somos? RMC Business and Investment Consulting Group S.A de C.V, mejor conocido como Altbic, con domicilio en calle Calle Tancitaro 1329, int. 1, colonia San Jer\u00f3nimo I, en la ciudad de Le\u00f3n, C.P. 37204, en la entidad de Guanajuato, pa\u00eds M\u00e9xico, y portal de internet www.altbic.com, es el responsable del uso [&hellip;]","og_url":"https:\/\/demo.cuevano.mx\/altbic\/privacy-policy\/","og_site_name":"altbic","article_modified_time":"2024-07-20T01:30:19+00:00","twitter_card":"summary_large_image","twitter_misc":{"Tiempo de lectura":"1 minuto"},"schema":{"@context":"https:\/\/schema.org","@graph":[{"@type":"WebPage","@id":"https:\/\/demo.cuevano.mx\/altbic\/privacy-policy\/","url":"https:\/\/demo.cuevano.mx\/altbic\/privacy-policy\/","name":"Aviso de Privacidad - altbic","isPartOf":{"@id":"https:\/\/demo.cuevano.mx\/altbic\/#website"},"datePublished":"2023-01-16T15:05:35+00:00","dateModified":"2024-07-20T01:30:19+00:00","breadcrumb":{"@id":"https:\/\/demo.cuevano.mx\/altbic\/privacy-policy\/#breadcrumb"},"inLanguage":"es","potentialAction":[{"@type":"ReadAction","target":["https:\/\/demo.cuevano.mx\/altbic\/privacy-policy\/"]}]},{"@type":"BreadcrumbList","@id":"https:\/\/demo.cuevano.mx\/altbic\/privacy-policy\/#breadcrumb","itemListElement":[{"@type":"ListItem","position":1,"name":"Home","item":"https:\/\/demo.cuevano.mx\/altbic\/"},{"@type":"ListItem","position":2,"name":"Aviso de Privacidad"}]},{"@type":"WebSite","@id":"https:\/\/demo.cuevano.mx\/altbic\/#website","url":"https:\/\/demo.cuevano.mx\/altbic\/","name":"altbic","description":"","publisher":{"@id":"https:\/\/demo.cuevano.mx\/altbic\/#organization"},"potentialAction":[{"@type":"SearchAction","target":{"@type":"EntryPoint","urlTemplate":"https:\/\/demo.cuevano.mx\/altbic\/?s={search_term_string}"},"query-input":{"@type":"PropertyValueSpecification","valueRequired":true,"valueName":"search_term_string"}}],"inLanguage":"es"},{"@type":"Organization","@id":"https:\/\/demo.cuevano.mx\/altbic\/#organization","name":"Altbic","url":"https:\/\/demo.cuevano.mx\/altbic\/","logo":{"@type":"ImageObject","inLanguage":"es","@id":"https:\/\/demo.cuevano.mx\/altbic\/#\/schema\/logo\/image\/","url":"https:\/\/demo.cuevano.mx\/altbic\/wp-content\/uploads\/2023\/09\/cropped-Logo.png","contentUrl":"https:\/\/demo.cuevano.mx\/altbic\/wp-content\/uploads\/2023\/09\/cropped-Logo.png","width":420,"height":136,"caption":"Altbic"},"image":{"@id":"https:\/\/demo.cuevano.mx\/altbic\/#\/schema\/logo\/image\/"},"sameAs":["https:\/\/www.instagram.com\/altbic\/"]}]}},"_links":{"self":[{"href":"https:\/\/demo.cuevano.mx\/altbic\/wp-json\/wp\/v2\/pages\/3","targetHints":{"allow":["GET"]}}],"collection":[{"href":"https:\/\/demo.cuevano.mx\/altbic\/wp-json\/wp\/v2\/pages"}],"about":[{"href":"https:\/\/demo.cuevano.mx\/altbic\/wp-json\/wp\/v2\/types\/page"}],"author":[{"embeddable":true,"href":"https:\/\/demo.cuevano.mx\/altbic\/wp-json\/wp\/v2\/users\/3"}],"replies":[{"embeddable":true,"href":"https:\/\/demo.cuevano.mx\/altbic\/wp-json\/wp\/v2\/comments?post=3"}],"version-history":[{"count":31,"href":"https:\/\/demo.cuevano.mx\/altbic\/wp-json\/wp\/v2\/pages\/3\/revisions"}],"predecessor-version":[{"id":90412,"href":"https:\/\/demo.cuevano.mx\/altbic\/wp-json\/wp\/v2\/pages\/3\/revisions\/90412"}],"wp:attachment":[{"href":"https:\/\/demo.cuevano.mx\/altbic\/wp-json\/wp\/v2\/media?parent=3"}],"curies":[{"name":"wp","href":"https:\/\/api.w.org\/{rel}","templated":true}]}}