{"id":3327,"date":"2023-01-27T12:24:20","date_gmt":"2023-01-27T12:24:20","guid":{"rendered":"https:\/\/leroux.qodeinteractive.com\/?page_id=3327"},"modified":"2024-09-01T22:14:23","modified_gmt":"2024-09-02T04:14:23","slug":"industries","status":"publish","type":"page","link":"https:\/\/demo.cuevano.mx\/altbic\/industries\/","title":{"rendered":"Industries"},"content":{"rendered":"\t\t<div data-elementor-type=\"wp-page\" data-elementor-id=\"3327\" class=\"elementor elementor-3327\">\n\t\t\t\t\t\t<section class=\"elementor-section elementor-top-section elementor-element elementor-element-22fc509 elementor-section-full_width elementor-section-height-default elementor-section-height-default\" data-id=\"22fc509\" data-element_type=\"section\" data-e-type=\"section\">\n\t\t\t\t\t\t<div class=\"elementor-container elementor-column-gap-no\">\n\t\t\t\t\t<div class=\"elementor-column elementor-col-100 elementor-top-column elementor-element elementor-element-0101cf2\" data-id=\"0101cf2\" data-element_type=\"column\" data-e-type=\"column\">\n\t\t\t<div class=\"elementor-widget-wrap elementor-element-populated\">\n\t\t\t\t\t\t<div class=\"elementor-element elementor-element-e26ab72 elementor-widget elementor-widget-leroux_core_interactive_banners\" data-id=\"e26ab72\" data-element_type=\"widget\" data-e-type=\"widget\" data-widget_type=\"leroux_core_interactive_banners.default\">\n\t\t\t\t<div class=\"elementor-widget-container\">\n\t\t\t\t\t\n<div class=\"qodef-interactive-banners qodef-shortcode qodef-m   qodef-interactive-banners-five\">\n\t<div class=\"qodef-ib-images-holder\">\n\t\t\t\t\t<div class=\"qodef-ib-image-holder qodef-active qodef--image-type\" style=\"background-image: url(https:\/\/demo.cuevano.mx\/altbic\/wp-content\/uploads\/2024\/06\/HUB-industrias-altbic.jpg)\" data-index=\"0\">\n\t\t\t\t\t\t\t<\/div>\n\t\t\t\t\t\t\t\t\t\t\t<div class=\"qodef-ib-image-holder  qodef--image-type\" style=\"background-image: url(https:\/\/demo.cuevano.mx\/altbic\/wp-content\/uploads\/2024\/06\/HUB-industrias-altbic.jpg)\" data-index=\"1\">\n\t\t\t\t\t\t\t<\/div>\n\t\t\t\t\t\t\t\t\t\t\t<div class=\"qodef-ib-image-holder  qodef--image-type\" style=\"background-image: url(https:\/\/demo.cuevano.mx\/altbic\/wp-content\/uploads\/2024\/06\/HUB-industrias-altbic.jpg)\" data-index=\"2\">\n\t\t\t\t\t\t\t<\/div>\n\t\t\t\t\t\t\t\t\t\t\t<div class=\"qodef-ib-image-holder  qodef--image-type\" style=\"background-image: url(https:\/\/demo.cuevano.mx\/altbic\/wp-content\/uploads\/2024\/06\/HUB-industrias-altbic.jpg)\" data-index=\"3\">\n\t\t\t\t\t\t\t<\/div>\n\t\t\t\t\t\t\t\t\t\t\t<div class=\"qodef-ib-image-holder  qodef--image-type\" style=\"background-image: url(https:\/\/demo.cuevano.mx\/altbic\/wp-content\/uploads\/2024\/06\/HUB-industrias-altbic.jpg)\" data-index=\"4\">\n\t\t\t\t\t\t\t<\/div>\n\t\t\t\t\t\t\t<\/div>\n\t<div class=\"qodef-ib-content-holder\">\n\t\t\t\t\t<div class=\"qodef-ib-item qodef-active\" data-index=\"0\">\n\t\t\t\t<div class=\"qodef-ib-image-holder-responsive\" style=\"background-image: url(https:\/\/demo.cuevano.mx\/altbic\/wp-content\/uploads\/2024\/06\/HUB-industrias-altbic.jpg)\">\n\t\t\t\t\t\t\t\t\t<\/div>\n\t\t\t\t<span class=\"qodef-ib-item-tag\">PUBLIC<\/span>\n\t\t\t\t<div class=\"qodef-ib-item-inner\">\n\t\t\t\t\t<div class=\"qodef-ib-item-title\">\n\t\t\t\t\t\t<h3> Public Services <\/h3>\n\t\t\t\t\t<\/div>\n\t\t\t\t\t<div class=\"qodef-ib-item-subtitle\">\n\t\t\t\t\t\t<p> Sector p\u00fablico y gobierno | Educaci\u00f3n p\u00fablica y privada | Organizaciones sin fines de lucro <\/p>\n\t\t\t\t\t<\/div>\n\t\t\t\t\t\t\t\t\t\t\t<div class=\"qodef-ib-item-btn-holder\">\n\t\t\t\t\t\t\t<a class=\"qodef-shortcode qodef-m  qodef-button qodef-layout--filled qodef-background--blur  qodef-html--link\" href=\"https:\/\/demo.cuevano.mx\/altbic\/industries\/public\/\" target=\"_self\"  >    <span class=\"qodef-m-text\">VER M\u00c1S<\/span>    <span class=\"qodef-m-arrow\"><svg class=\"qodef-svg--button-arrow\" xmlns=\"http:\/\/www.w3.org\/2000\/svg\" width=\"10\" height=\"10\" viewBox=\"0 0 9.8 9.8\"><g><path d=\"m.4 9.4 9-9\"\/><path d=\"M.4.5h8.9\"\/><path d=\"M9.3 9.4V.5\"\/><\/g><g><path d=\"m.4 9.4 9-9\"\/><path d=\"M.4.5h8.9\"\/><path d=\"M9.3 9.4V.5\"\/><\/g><\/svg><\/span><\/a>\t\t\t\t\t\t<\/div>\n\t\t\t\t\t\t\t\t\t<\/div>\n\t\t\t<\/div>\n\t\t\t\t\t\t\t\t\t\t\t<div class=\"qodef-ib-item \" data-index=\"1\">\n\t\t\t\t<div class=\"qodef-ib-image-holder-responsive\" style=\"background-image: url(https:\/\/demo.cuevano.mx\/altbic\/wp-content\/uploads\/2024\/06\/HUB-industrias-altbic.jpg)\">\n\t\t\t\t\t\t\t\t\t<\/div>\n\t\t\t\t<span class=\"qodef-ib-item-tag\">LIFECARE<\/span>\n\t\t\t\t<div class=\"qodef-ib-item-inner\">\n\t\t\t\t\t<div class=\"qodef-ib-item-title\">\n\t\t\t\t\t\t<h3> Lifecare <\/h3>\n\t\t\t\t\t<\/div>\n\t\t\t\t\t<div class=\"qodef-ib-item-subtitle\">\n\t\t\t\t\t\t<p> Sector salud | Salud p\u00fablica | Proovedores de atenci\u00f3n m\u00e9dica | Aseguradoras <\/p>\n\t\t\t\t\t<\/div>\n\t\t\t\t\t\t\t\t\t\t\t<div class=\"qodef-ib-item-btn-holder\">\n\t\t\t\t\t\t\t<a class=\"qodef-shortcode qodef-m  qodef-button qodef-layout--filled qodef-background--blur  qodef-html--link\" href=\"https:\/\/demo.cuevano.mx\/altbic\/industries\/lifecare\" target=\"_self\"  >    <span class=\"qodef-m-text\">VER M\u00c1S<\/span>    <span class=\"qodef-m-arrow\"><svg class=\"qodef-svg--button-arrow\" xmlns=\"http:\/\/www.w3.org\/2000\/svg\" width=\"10\" height=\"10\" viewBox=\"0 0 9.8 9.8\"><g><path d=\"m.4 9.4 9-9\"\/><path d=\"M.4.5h8.9\"\/><path d=\"M9.3 9.4V.5\"\/><\/g><g><path d=\"m.4 9.4 9-9\"\/><path d=\"M.4.5h8.9\"\/><path d=\"M9.3 9.4V.5\"\/><\/g><\/svg><\/span><\/a>\t\t\t\t\t\t<\/div>\n\t\t\t\t\t\t\t\t\t<\/div>\n\t\t\t<\/div>\n\t\t\t\t\t\t\t\t\t\t\t<div class=\"qodef-ib-item \" data-index=\"2\">\n\t\t\t\t<div class=\"qodef-ib-image-holder-responsive\" style=\"background-image: url(https:\/\/demo.cuevano.mx\/altbic\/wp-content\/uploads\/2024\/06\/HUB-industrias-altbic.jpg)\">\n\t\t\t\t\t\t\t\t\t<\/div>\n\t\t\t\t<span class=\"qodef-ib-item-tag\">CONSUMER<\/span>\n\t\t\t\t<div class=\"qodef-ib-item-inner\">\n\t\t\t\t\t<div class=\"qodef-ib-item-title\">\n\t\t\t\t\t\t<h3> Consumer Market <\/h3>\n\t\t\t\t\t<\/div>\n\t\t\t\t\t<div class=\"qodef-ib-item-subtitle\">\n\t\t\t\t\t\t<p> Minoristas | Cuero y calzado | Servicios de alimentaci\u00f3n | Bienes personales y del hogar <\/p>\n\t\t\t\t\t<\/div>\n\t\t\t\t\t\t\t\t\t\t\t<div class=\"qodef-ib-item-btn-holder\">\n\t\t\t\t\t\t\t<a class=\"qodef-shortcode qodef-m  qodef-button qodef-layout--filled qodef-background--blur  qodef-html--link\" href=\"https:\/\/demo.cuevano.mx\/altbic\/industries\/consumer-market\" target=\"_self\"  >    <span class=\"qodef-m-text\">VER M\u00c1S<\/span>    <span class=\"qodef-m-arrow\"><svg class=\"qodef-svg--button-arrow\" xmlns=\"http:\/\/www.w3.org\/2000\/svg\" width=\"10\" height=\"10\" viewBox=\"0 0 9.8 9.8\"><g><path d=\"m.4 9.4 9-9\"\/><path d=\"M.4.5h8.9\"\/><path d=\"M9.3 9.4V.5\"\/><\/g><g><path d=\"m.4 9.4 9-9\"\/><path d=\"M.4.5h8.9\"\/><path d=\"M9.3 9.4V.5\"\/><\/g><\/svg><\/span><\/a>\t\t\t\t\t\t<\/div>\n\t\t\t\t\t\t\t\t\t<\/div>\n\t\t\t<\/div>\n\t\t\t\t\t\t\t\t\t\t\t<div class=\"qodef-ib-item \" data-index=\"3\">\n\t\t\t\t<div class=\"qodef-ib-image-holder-responsive\" style=\"background-image: url(https:\/\/demo.cuevano.mx\/altbic\/wp-content\/uploads\/2024\/06\/HUB-industrias-altbic.jpg)\">\n\t\t\t\t\t\t\t\t\t<\/div>\n\t\t\t\t<span class=\"qodef-ib-item-tag\">INDUSTRIAL<\/span>\n\t\t\t\t<div class=\"qodef-ib-item-inner\">\n\t\t\t\t\t<div class=\"qodef-ib-item-title\">\n\t\t\t\t\t\t<h3> Industrial hub <\/h3>\n\t\t\t\t\t<\/div>\n\t\t\t\t\t<div class=\"qodef-ib-item-subtitle\">\n\t\t\t\t\t\t<p> Industria manufacturera | Construcci\u00f3n | Agronegocios | Sector agropecuario | Automotriz <\/p>\n\t\t\t\t\t<\/div>\n\t\t\t\t\t\t\t\t\t\t\t<div class=\"qodef-ib-item-btn-holder\">\n\t\t\t\t\t\t\t<a class=\"qodef-shortcode qodef-m  qodef-button qodef-layout--filled qodef-background--blur  qodef-html--link\" href=\"https:\/\/demo.cuevano.mx\/altbic\/industries\/industrial-hub\" target=\"_self\"  >    <span class=\"qodef-m-text\">VER M\u00c1S<\/span>    <span class=\"qodef-m-arrow\"><svg class=\"qodef-svg--button-arrow\" xmlns=\"http:\/\/www.w3.org\/2000\/svg\" width=\"10\" height=\"10\" viewBox=\"0 0 9.8 9.8\"><g><path d=\"m.4 9.4 9-9\"\/><path d=\"M.4.5h8.9\"\/><path d=\"M9.3 9.4V.5\"\/><\/g><g><path d=\"m.4 9.4 9-9\"\/><path d=\"M.4.5h8.9\"\/><path d=\"M9.3 9.4V.5\"\/><\/g><\/svg><\/span><\/a>\t\t\t\t\t\t<\/div>\n\t\t\t\t\t\t\t\t\t<\/div>\n\t\t\t<\/div>\n\t\t\t\t\t\t\t\t\t\t\t<div class=\"qodef-ib-item \" data-index=\"4\">\n\t\t\t\t<div class=\"qodef-ib-image-holder-responsive\" style=\"background-image: url(https:\/\/demo.cuevano.mx\/altbic\/wp-content\/uploads\/2024\/06\/HUB-industrias-altbic.jpg)\">\n\t\t\t\t\t\t\t\t\t<\/div>\n\t\t\t\t<span class=\"qodef-ib-item-tag\">HIGHTECH<\/span>\n\t\t\t\t<div class=\"qodef-ib-item-inner\">\n\t\t\t\t\t<div class=\"qodef-ib-item-title\">\n\t\t\t\t\t\t<h3> Hightech and innovation <\/h3>\n\t\t\t\t\t<\/div>\n\t\t\t\t\t<div class=\"qodef-ib-item-subtitle\">\n\t\t\t\t\t\t<p> Alta tecnolog\u00eda | Hipercrecimiento | Emprendimiento <\/p>\n\t\t\t\t\t<\/div>\n\t\t\t\t\t\t\t\t\t\t\t<div class=\"qodef-ib-item-btn-holder\">\n\t\t\t\t\t\t\t<a class=\"qodef-shortcode qodef-m  qodef-button qodef-layout--filled qodef-background--blur  qodef-html--link\" href=\"https:\/\/demo.cuevano.mx\/altbic\/industries\/hightech-and-innovation\" target=\"_self\"  >    <span class=\"qodef-m-text\">VER M\u00c1S<\/span>    <span class=\"qodef-m-arrow\"><svg class=\"qodef-svg--button-arrow\" xmlns=\"http:\/\/www.w3.org\/2000\/svg\" width=\"10\" height=\"10\" viewBox=\"0 0 9.8 9.8\"><g><path d=\"m.4 9.4 9-9\"\/><path d=\"M.4.5h8.9\"\/><path d=\"M9.3 9.4V.5\"\/><\/g><g><path d=\"m.4 9.4 9-9\"\/><path d=\"M.4.5h8.9\"\/><path d=\"M9.3 9.4V.5\"\/><\/g><\/svg><\/span><\/a>\t\t\t\t\t\t<\/div>\n\t\t\t\t\t\t\t\t\t<\/div>\n\t\t\t<\/div>\n\t\t\t\t\t\t\t<\/div>\n\t<div class=\"qodef-ib-grid\">\n\t\t\t\t\t<div class=\"qodef-ib-grid-line\">\n\t\t\t\t<div class=\"qodef-ib-grid-vertical-line\"><\/div>\n\t\t\t<\/div>\n\t\t\t\t\t<div class=\"qodef-ib-grid-line\">\n\t\t\t\t<div class=\"qodef-ib-grid-vertical-line\"><\/div>\n\t\t\t<\/div>\n\t\t\t\t\t<div class=\"qodef-ib-grid-line\">\n\t\t\t\t<div class=\"qodef-ib-grid-vertical-line\"><\/div>\n\t\t\t<\/div>\n\t\t\t\t\t<div class=\"qodef-ib-grid-line\">\n\t\t\t\t<div class=\"qodef-ib-grid-vertical-line\"><\/div>\n\t\t\t<\/div>\n\t\t\t\t\t<div class=\"qodef-ib-grid-line\">\n\t\t\t\t<div class=\"qodef-ib-grid-vertical-line\"><\/div>\n\t\t\t<\/div>\n\t\t\t<\/div>\n<\/div>\t\t\t\t<\/div>\n\t\t\t\t<\/div>\n\t\t\t\t\t<\/div>\n\t\t<\/div>\n\t\t\t\t\t<\/div>\n\t\t<\/section>\n\t\t\t\t<\/div>\n\t\t","protected":false},"excerpt":{"rendered":"<p>PUBLIC Public Services Sector p\u00fablico y gobierno | Educaci\u00f3n p\u00fablica y privada | Organizaciones sin fines de lucro VER M\u00c1S LIFECARE Lifecare Sector salud | Salud p\u00fablica | Proovedores de atenci\u00f3n m\u00e9dica | Aseguradoras VER M\u00c1S CONSUMER Consumer Market Minoristas | Cuero y calzado | Servicios de alimentaci\u00f3n | Bienes personales y del hogar VER [&hellip;]<\/p>\n","protected":false},"author":3,"featured_media":0,"parent":0,"menu_order":0,"comment_status":"closed","ping_status":"closed","template":"page-full-width.php","meta":{"footnotes":""},"class_list":["post-3327","page","type-page","status-publish","hentry"],"yoast_head":"<!-- This site is optimized with the Yoast SEO plugin v27.5 - https:\/\/yoast.com\/product\/yoast-seo-wordpress\/ -->\n<title>Industries - altbic<\/title>\n<meta name=\"description\" content=\"Trabajamos con diversas industrias brindando soluciones adaptadas a las necesidades de cada sector como el p\u00fablico y privado, educaci\u00f3n, salud, alimentaci\u00f3n y manufactura.\" \/>\n<meta name=\"robots\" content=\"index, follow, max-snippet:-1, max-image-preview:large, max-video-preview:-1\" \/>\n<link rel=\"canonical\" href=\"https:\/\/demo.cuevano.mx\/altbic\/industries\/\" \/>\n<meta property=\"og:locale\" content=\"es_ES\" \/>\n<meta property=\"og:type\" content=\"article\" \/>\n<meta property=\"og:title\" content=\"Industries - altbic\" \/>\n<meta property=\"og:description\" content=\"Trabajamos con diversas industrias brindando soluciones adaptadas a las necesidades de cada sector como el p\u00fablico y privado, educaci\u00f3n, salud, alimentaci\u00f3n y manufactura.\" \/>\n<meta property=\"og:url\" content=\"https:\/\/demo.cuevano.mx\/altbic\/industries\/\" \/>\n<meta property=\"og:site_name\" content=\"altbic\" \/>\n<meta property=\"article:modified_time\" content=\"2024-09-02T04:14:23+00:00\" \/>\n<meta name=\"twitter:card\" content=\"summary_large_image\" \/>\n<meta name=\"twitter:label1\" content=\"Tiempo de lectura\" \/>\n\t<meta name=\"twitter:data1\" content=\"1 minuto\" \/>\n<script type=\"application\/ld+json\" class=\"yoast-schema-graph\">{\"@context\":\"https:\\\/\\\/schema.org\",\"@graph\":[{\"@type\":\"WebPage\",\"@id\":\"https:\\\/\\\/demo.cuevano.mx\\\/altbic\\\/industries\\\/\",\"url\":\"https:\\\/\\\/demo.cuevano.mx\\\/altbic\\\/industries\\\/\",\"name\":\"Industries - altbic\",\"isPartOf\":{\"@id\":\"https:\\\/\\\/demo.cuevano.mx\\\/altbic\\\/#website\"},\"datePublished\":\"2023-01-27T12:24:20+00:00\",\"dateModified\":\"2024-09-02T04:14:23+00:00\",\"description\":\"Trabajamos con diversas industrias brindando soluciones adaptadas a las necesidades de cada sector como el p\u00fablico y privado, educaci\u00f3n, salud, alimentaci\u00f3n y manufactura.\",\"breadcrumb\":{\"@id\":\"https:\\\/\\\/demo.cuevano.mx\\\/altbic\\\/industries\\\/#breadcrumb\"},\"inLanguage\":\"es\",\"potentialAction\":[{\"@type\":\"ReadAction\",\"target\":[\"https:\\\/\\\/demo.cuevano.mx\\\/altbic\\\/industries\\\/\"]}]},{\"@type\":\"BreadcrumbList\",\"@id\":\"https:\\\/\\\/demo.cuevano.mx\\\/altbic\\\/industries\\\/#breadcrumb\",\"itemListElement\":[{\"@type\":\"ListItem\",\"position\":1,\"name\":\"Home\",\"item\":\"https:\\\/\\\/demo.cuevano.mx\\\/altbic\\\/\"},{\"@type\":\"ListItem\",\"position\":2,\"name\":\"Industries\"}]},{\"@type\":\"WebSite\",\"@id\":\"https:\\\/\\\/demo.cuevano.mx\\\/altbic\\\/#website\",\"url\":\"https:\\\/\\\/demo.cuevano.mx\\\/altbic\\\/\",\"name\":\"altbic\",\"description\":\"\",\"publisher\":{\"@id\":\"https:\\\/\\\/demo.cuevano.mx\\\/altbic\\\/#organization\"},\"potentialAction\":[{\"@type\":\"SearchAction\",\"target\":{\"@type\":\"EntryPoint\",\"urlTemplate\":\"https:\\\/\\\/demo.cuevano.mx\\\/altbic\\\/?s={search_term_string}\"},\"query-input\":{\"@type\":\"PropertyValueSpecification\",\"valueRequired\":true,\"valueName\":\"search_term_string\"}}],\"inLanguage\":\"es\"},{\"@type\":\"Organization\",\"@id\":\"https:\\\/\\\/demo.cuevano.mx\\\/altbic\\\/#organization\",\"name\":\"Altbic\",\"url\":\"https:\\\/\\\/demo.cuevano.mx\\\/altbic\\\/\",\"logo\":{\"@type\":\"ImageObject\",\"inLanguage\":\"es\",\"@id\":\"https:\\\/\\\/demo.cuevano.mx\\\/altbic\\\/#\\\/schema\\\/logo\\\/image\\\/\",\"url\":\"https:\\\/\\\/demo.cuevano.mx\\\/altbic\\\/wp-content\\\/uploads\\\/2023\\\/09\\\/cropped-Logo.png\",\"contentUrl\":\"https:\\\/\\\/demo.cuevano.mx\\\/altbic\\\/wp-content\\\/uploads\\\/2023\\\/09\\\/cropped-Logo.png\",\"width\":420,\"height\":136,\"caption\":\"Altbic\"},\"image\":{\"@id\":\"https:\\\/\\\/demo.cuevano.mx\\\/altbic\\\/#\\\/schema\\\/logo\\\/image\\\/\"},\"sameAs\":[\"https:\\\/\\\/www.instagram.com\\\/altbic\\\/\"]}]}<\/script>\n<!-- \/ Yoast SEO plugin. -->","yoast_head_json":{"title":"Industries - altbic","description":"Trabajamos con diversas industrias brindando soluciones adaptadas a las necesidades de cada sector como el p\u00fablico y privado, educaci\u00f3n, salud, alimentaci\u00f3n y manufactura.","robots":{"index":"index","follow":"follow","max-snippet":"max-snippet:-1","max-image-preview":"max-image-preview:large","max-video-preview":"max-video-preview:-1"},"canonical":"https:\/\/demo.cuevano.mx\/altbic\/industries\/","og_locale":"es_ES","og_type":"article","og_title":"Industries - altbic","og_description":"Trabajamos con diversas industrias brindando soluciones adaptadas a las necesidades de cada sector como el p\u00fablico y privado, educaci\u00f3n, salud, alimentaci\u00f3n y manufactura.","og_url":"https:\/\/demo.cuevano.mx\/altbic\/industries\/","og_site_name":"altbic","article_modified_time":"2024-09-02T04:14:23+00:00","twitter_card":"summary_large_image","twitter_misc":{"Tiempo de lectura":"1 minuto"},"schema":{"@context":"https:\/\/schema.org","@graph":[{"@type":"WebPage","@id":"https:\/\/demo.cuevano.mx\/altbic\/industries\/","url":"https:\/\/demo.cuevano.mx\/altbic\/industries\/","name":"Industries - altbic","isPartOf":{"@id":"https:\/\/demo.cuevano.mx\/altbic\/#website"},"datePublished":"2023-01-27T12:24:20+00:00","dateModified":"2024-09-02T04:14:23+00:00","description":"Trabajamos con diversas industrias brindando soluciones adaptadas a las necesidades de cada sector como el p\u00fablico y privado, educaci\u00f3n, salud, alimentaci\u00f3n y manufactura.","breadcrumb":{"@id":"https:\/\/demo.cuevano.mx\/altbic\/industries\/#breadcrumb"},"inLanguage":"es","potentialAction":[{"@type":"ReadAction","target":["https:\/\/demo.cuevano.mx\/altbic\/industries\/"]}]},{"@type":"BreadcrumbList","@id":"https:\/\/demo.cuevano.mx\/altbic\/industries\/#breadcrumb","itemListElement":[{"@type":"ListItem","position":1,"name":"Home","item":"https:\/\/demo.cuevano.mx\/altbic\/"},{"@type":"ListItem","position":2,"name":"Industries"}]},{"@type":"WebSite","@id":"https:\/\/demo.cuevano.mx\/altbic\/#website","url":"https:\/\/demo.cuevano.mx\/altbic\/","name":"altbic","description":"","publisher":{"@id":"https:\/\/demo.cuevano.mx\/altbic\/#organization"},"potentialAction":[{"@type":"SearchAction","target":{"@type":"EntryPoint","urlTemplate":"https:\/\/demo.cuevano.mx\/altbic\/?s={search_term_string}"},"query-input":{"@type":"PropertyValueSpecification","valueRequired":true,"valueName":"search_term_string"}}],"inLanguage":"es"},{"@type":"Organization","@id":"https:\/\/demo.cuevano.mx\/altbic\/#organization","name":"Altbic","url":"https:\/\/demo.cuevano.mx\/altbic\/","logo":{"@type":"ImageObject","inLanguage":"es","@id":"https:\/\/demo.cuevano.mx\/altbic\/#\/schema\/logo\/image\/","url":"https:\/\/demo.cuevano.mx\/altbic\/wp-content\/uploads\/2023\/09\/cropped-Logo.png","contentUrl":"https:\/\/demo.cuevano.mx\/altbic\/wp-content\/uploads\/2023\/09\/cropped-Logo.png","width":420,"height":136,"caption":"Altbic"},"image":{"@id":"https:\/\/demo.cuevano.mx\/altbic\/#\/schema\/logo\/image\/"},"sameAs":["https:\/\/www.instagram.com\/altbic\/"]}]}},"_links":{"self":[{"href":"https:\/\/demo.cuevano.mx\/altbic\/wp-json\/wp\/v2\/pages\/3327","targetHints":{"allow":["GET"]}}],"collection":[{"href":"https:\/\/demo.cuevano.mx\/altbic\/wp-json\/wp\/v2\/pages"}],"about":[{"href":"https:\/\/demo.cuevano.mx\/altbic\/wp-json\/wp\/v2\/types\/page"}],"author":[{"embeddable":true,"href":"https:\/\/demo.cuevano.mx\/altbic\/wp-json\/wp\/v2\/users\/3"}],"replies":[{"embeddable":true,"href":"https:\/\/demo.cuevano.mx\/altbic\/wp-json\/wp\/v2\/comments?post=3327"}],"version-history":[{"count":49,"href":"https:\/\/demo.cuevano.mx\/altbic\/wp-json\/wp\/v2\/pages\/3327\/revisions"}],"predecessor-version":[{"id":89873,"href":"https:\/\/demo.cuevano.mx\/altbic\/wp-json\/wp\/v2\/pages\/3327\/revisions\/89873"}],"wp:attachment":[{"href":"https:\/\/demo.cuevano.mx\/altbic\/wp-json\/wp\/v2\/media?parent=3327"}],"curies":[{"name":"wp","href":"https:\/\/api.w.org\/{rel}","templated":true}]}}