{"id":6241,"date":"2023-02-09T14:14:46","date_gmt":"2023-02-09T14:14:46","guid":{"rendered":"https:\/\/leroux.qodeinteractive.com\/?page_id=6241"},"modified":"2024-09-01T22:12:42","modified_gmt":"2024-09-02T04:12:42","slug":"contact-us","status":"publish","type":"page","link":"https:\/\/demo.cuevano.mx\/altbic\/contact-us\/","title":{"rendered":"Contact us"},"content":{"rendered":"\t\t<div data-elementor-type=\"wp-page\" data-elementor-id=\"6241\" class=\"elementor elementor-6241\">\n\t\t\t\t\t\t<section class=\"elementor-section elementor-top-section elementor-element elementor-element-0d3bc5a elementor-section-full_width elementor-section-height-default elementor-section-height-default\" data-id=\"0d3bc5a\" data-element_type=\"section\" data-e-type=\"section\" data-settings=\"{&quot;background_background&quot;:&quot;classic&quot;}\">\n\t\t\t\t\t\t<div class=\"elementor-container elementor-column-gap-no\">\n\t\t\t\t\t<div class=\"elementor-column elementor-col-50 elementor-top-column elementor-element elementor-element-776cc43\" data-id=\"776cc43\" data-element_type=\"column\" data-e-type=\"column\" data-settings=\"{&quot;background_background&quot;:&quot;classic&quot;}\">\n\t\t\t<div class=\"elementor-widget-wrap elementor-element-populated\">\n\t\t\t\t\t\t<div class=\"elementor-element elementor-element-657824f elementor-widget elementor-widget-spacer\" data-id=\"657824f\" data-element_type=\"widget\" data-e-type=\"widget\" data-widget_type=\"spacer.default\">\n\t\t\t\t<div class=\"elementor-widget-container\">\n\t\t\t\t\t\t\t<div class=\"elementor-spacer\">\n\t\t\t<div class=\"elementor-spacer-inner\"><\/div>\n\t\t<\/div>\n\t\t\t\t\t\t<\/div>\n\t\t\t\t<\/div>\n\t\t\t\t\t<\/div>\n\t\t<\/div>\n\t\t\t\t<div class=\"elementor-column elementor-col-50 elementor-top-column elementor-element elementor-element-8dea69f\" data-id=\"8dea69f\" data-element_type=\"column\" data-e-type=\"column\">\n\t\t\t<div class=\"elementor-widget-wrap elementor-element-populated\">\n\t\t\t\t\t\t<div class=\"elementor-element elementor-element-af6f0a1 elementor-widget elementor-widget-leroux_core_section_title\" data-id=\"af6f0a1\" data-element_type=\"widget\" data-e-type=\"widget\" data-widget_type=\"leroux_core_section_title.default\">\n\t\t\t\t<div class=\"elementor-widget-container\">\n\t\t\t\t\t<div class=\"qodef-shortcode qodef-m  qodef-section-title qodef-alignment--left \">\n\t\t<h1 class=\"qodef-m-title\" style=\"--qodef-title-emphasized-words-color: #0DCDDC\">\n\t\t\t\t\tHablemos de <span class=\"qodef-special-style\">crecer<\/span> <span class=\"qodef-special-style\">juntos.<\/span>\t\t\t<\/h1>\n\t<\/div>\n\t\t\t\t<\/div>\n\t\t\t\t<\/div>\n\t\t\t\t<div class=\"elementor-element elementor-element-5ec6817 elementor-widget elementor-widget-text-editor\" data-id=\"5ec6817\" data-element_type=\"widget\" data-e-type=\"widget\" data-widget_type=\"text-editor.default\">\n\t\t\t\t<div class=\"elementor-widget-container\">\n\t\t\t\t\t\t\t\t\t<strong>En Altbic, nos apasiona impulsar proyectos hacia el \u00e9xito<\/strong>. <br\/>Valoramos el contacto directo y personalizado con nuestros clientes, responderemos lo antes posible.\t\t\t\t\t\t\t\t<\/div>\n\t\t\t\t<\/div>\n\t\t\t\t<div class=\"elementor-element elementor-element-2dade16 elementor-widget elementor-widget-wp-widget-leroux_core_contact_form_7\" data-id=\"2dade16\" data-element_type=\"widget\" data-e-type=\"widget\" data-widget_type=\"wp-widget-leroux_core_contact_form_7.default\">\n\t\t\t\t<div class=\"elementor-widget-container\">\n\t\t\t\t\t\t\t\t<div class=\"qodef-contact-form-7\">\n\t\t\t\t\n<div class=\"wpcf7 no-js\" id=\"wpcf7-f6283-o1\" lang=\"en-US\" dir=\"ltr\" data-wpcf7-id=\"6283\">\n<div class=\"screen-reader-response\"><p role=\"status\" aria-live=\"polite\" aria-atomic=\"true\"><\/p> <ul><\/ul><\/div>\n<form action=\"\/altbic\/wp-json\/wp\/v2\/pages\/6241#wpcf7-f6283-o1\" method=\"post\" class=\"wpcf7-form init wpcf7-acceptance-as-validation\" aria-label=\"Contact form\" novalidate=\"novalidate\" data-status=\"init\">\n<fieldset class=\"hidden-fields-container\"><input type=\"hidden\" name=\"_wpcf7\" value=\"6283\" \/><input type=\"hidden\" name=\"_wpcf7_version\" value=\"6.1.5\" \/><input type=\"hidden\" name=\"_wpcf7_locale\" value=\"en_US\" \/><input type=\"hidden\" name=\"_wpcf7_unit_tag\" value=\"wpcf7-f6283-o1\" \/><input type=\"hidden\" name=\"_wpcf7_container_post\" value=\"0\" \/><input type=\"hidden\" name=\"_wpcf7_posted_data_hash\" value=\"\" \/><input type=\"hidden\" name=\"_wpcf7_recaptcha_response\" value=\"\" \/>\n<\/fieldset>\n<div class=\"qodef-main-form qodef-layout--columns qodef-cf7-skin--light\">\n<div class=\"qodef-cf7-columns\">\n<div class=\"qodef-input-holder\">\n<span class=\"wpcf7-form-control-wrap\" data-name=\"your-name\"><input size=\"40\" maxlength=\"400\" class=\"wpcf7-form-control wpcf7-text wpcf7-validates-as-required\" aria-required=\"true\" aria-invalid=\"false\" placeholder=\"Nombre\" value=\"\" type=\"text\" name=\"your-name\" \/><\/span>\n<\/div>\n<div class=\"qodef-input-holder\">\n<span class=\"wpcf7-form-control-wrap\" data-name=\"your-last-name\"><input size=\"40\" maxlength=\"400\" class=\"wpcf7-form-control wpcf7-text wpcf7-validates-as-required\" aria-required=\"true\" aria-invalid=\"false\" placeholder=\"Apellido\" value=\"\" type=\"text\" name=\"your-last-name\" \/><\/span>\n<\/div>\n<\/div>\n<div class=\"qodef-cf7-columns\">\n<div class=\"qodef-input-holder\">\n<span class=\"wpcf7-form-control-wrap\" data-name=\"your-email\"><input size=\"40\" maxlength=\"400\" class=\"wpcf7-form-control wpcf7-email wpcf7-validates-as-required wpcf7-text wpcf7-validates-as-email\" aria-required=\"true\" aria-invalid=\"false\" placeholder=\"E-mail\" value=\"\" type=\"email\" name=\"your-email\" \/><\/span>\n<\/div>\n<div class=\"qodef-input-holder\">\n<span class=\"wpcf7-form-control-wrap\" data-name=\"telephone\"><input size=\"40\" maxlength=\"400\" class=\"wpcf7-form-control wpcf7-tel wpcf7-validates-as-required wpcf7-text wpcf7-validates-as-tel\" aria-required=\"true\" aria-invalid=\"false\" placeholder=\"Tel\u00e9fono\" value=\"\" type=\"tel\" name=\"telephone\" \/><\/span>\n<\/div>\n<\/div>\n<div class=\"qodef-cf7-columns\">\n<div class=\"qodef-input-holder\">\n<span class=\"wpcf7-form-control-wrap\" data-name=\"your-job-title\"><input size=\"40\" maxlength=\"400\" class=\"wpcf7-form-control wpcf7-text wpcf7-validates-as-required\" aria-required=\"true\" aria-invalid=\"false\" placeholder=\"Puesto\" value=\"\" type=\"text\" name=\"your-job-title\" \/><\/span>\n<\/div>\n<div class=\"qodef-input-holder\">\n<span class=\"wpcf7-form-control-wrap\" data-name=\"your-company\"><input size=\"40\" maxlength=\"400\" class=\"wpcf7-form-control wpcf7-text wpcf7-validates-as-required\" aria-required=\"true\" aria-invalid=\"false\" placeholder=\"Compa\u00f1\u00eda\" value=\"\" type=\"text\" name=\"your-company\" \/><\/span>\n<\/div>\n<\/div>\n\n\n<div class=\"qodef-cf7-columns\">\n<div class=\"qodef-input-holder\">\n<span class=\"wpcf7-form-control-wrap\" data-name=\"your-zipcode\"><input size=\"40\" maxlength=\"400\" class=\"wpcf7-form-control wpcf7-text wpcf7-validates-as-required\" aria-required=\"true\" aria-invalid=\"false\" placeholder=\"C\u00f3digo Postal\" value=\"\" type=\"text\" name=\"your-zipcode\" \/><\/span>\n<\/div>\n<div class=\"qodef-input-holder\">\n<span class=\"wpcf7-form-control-wrap\" data-name=\"your-location\"><input size=\"40\" maxlength=\"400\" class=\"wpcf7-form-control wpcf7-text wpcf7-validates-as-required\" aria-required=\"true\" aria-invalid=\"false\" placeholder=\"Ubicaci\u00f3n de la Compa\u00f1\u00eda\" value=\"\" type=\"text\" name=\"your-location\" \/><\/span>\n<\/div>\n<\/div>\n\n<div class=\"qodef-input-holder\">\n\n<span class=\"wpcf7-form-control-wrap\" data-name=\"your-message\"><textarea cols=\"40\" rows=\"5\" maxlength=\"2000\" class=\"wpcf7-form-control wpcf7-textarea\" aria-invalid=\"false\" placeholder=\"Mensaje\" name=\"your-message\"><\/textarea><\/span>\n\n<\/div>\n\n<div class=\"qodef-input-holder\">\n\n<span class=\"wpcf7-form-control-wrap\" data-name=\"acceptance-601\"><span class=\"wpcf7-form-control wpcf7-acceptance\"><span class=\"wpcf7-list-item\"><label><input type=\"checkbox\" name=\"acceptance-601\" value=\"1\" aria-invalid=\"false\" \/><span class=\"wpcf7-list-item-label\"><span style=\"font-size: 15px\"> Acepto <a target=\"_blank\" href=\"https:\/\/demo.cuevano.mx\/altbic\/terms-and-conditions\/\">t\u00e9rminos<\/a> y <a target=\"_blank\" href=\"https:\/\/demo.cuevano.mx\/altbic\/privacy-policy\/\">aviso de privacidad<\/a><\/span>.<\/span><\/label><\/span><\/span><\/span>\n\n<\/div>\n\n<button class=\"wpcf7-form-control wpcf7-submit btn-contact-submit qodef-button qodef-size--normal qodef-layout--filled qodef-m\" type=\"submit\"><span class=\"qodef-m-text\">Enviar<\/span><span class=\"qodef-m-arrow\"><svg class=\"qodef-svg--button-arrow\" xmlns=\"http:\/\/www.w3.org\/2000\/svg\" width=\"10\" height=\"10\" viewBox=\"0 0 9.8 9.8\"><g><path d=\"m.4 9.4 9-9\"\/><path d=\"M.4.5h8.9\"\/><path d=\"M9.3 9.4V.5\"\/><\/g><g><path d=\"m.4 9.4 9-9\"\/><path d=\"M.4.5h8.9\"\/><path d=\"M9.3 9.4V.5\"\/><\/g><\/svg><\/span><\/button>\n\n<\/div><p style=\"display: none !important;\" class=\"akismet-fields-container\" data-prefix=\"_wpcf7_ak_\"><label>&#916;<textarea name=\"_wpcf7_ak_hp_textarea\" cols=\"45\" rows=\"8\" maxlength=\"100\"><\/textarea><\/label><input type=\"hidden\" id=\"ak_js_1\" name=\"_wpcf7_ak_js\" value=\"139\"\/><script type=\"text\/javascript\">\n\/* <![CDATA[ *\/\ndocument.getElementById( \"ak_js_1\" ).setAttribute( \"value\", ( new Date() ).getTime() );\n\/* ]]> *\/\n<\/script>\n<\/p><div class=\"wpcf7-response-output\" aria-hidden=\"true\"><\/div>\n<\/form>\n<\/div>\n\t\t\t<\/div>\n\t\t\t\t\t\t\t<\/div>\n\t\t\t\t<\/div>\n\t\t\t\t\t<\/div>\n\t\t<\/div>\n\t\t\t\t\t<\/div>\n\t\t<\/section>\n\t\t\t\t<section class=\"elementor-section elementor-top-section elementor-element elementor-element-2df2d67 elementor-section-full_width elementor-section-height-min-height elementor-section-height-default elementor-section-items-middle\" data-id=\"2df2d67\" data-element_type=\"section\" data-e-type=\"section\">\n\t\t\t\t\t\t<div class=\"elementor-container elementor-column-gap-no\">\n\t\t\t\t\t<div class=\"elementor-column elementor-col-100 elementor-top-column elementor-element elementor-element-87b3961\" data-id=\"87b3961\" data-element_type=\"column\" data-e-type=\"column\">\n\t\t\t<div class=\"elementor-widget-wrap elementor-element-populated\">\n\t\t\t\t<div class=\"elementor-element elementor-element-b13f43c e-con-full e-flex e-con e-parent\" data-id=\"b13f43c\" data-element_type=\"container\" data-e-type=\"container\">\n\t\t\t\t<div class=\"elementor-element elementor-element-ad11f7a elementor-widget__width-inherit elementor-widget elementor-widget-html\" data-id=\"ad11f7a\" data-element_type=\"widget\" data-e-type=\"widget\" data-widget_type=\"html.default\">\n\t\t\t\t<div class=\"elementor-widget-container\">\n\t\t\t\t\t<iframe src=\"https:\/\/www.google.com\/maps\/embed?pb=!1m18!1m12!1m3!1d3721.062519968792!2d-101.67269382399917!3d21.149910083604915!2m3!1f0!2f0!3f0!3m2!1i1024!2i768!4f13.1!3m3!1m2!1s0x842bbf24fe1bde89%3A0xd217f8c34808ce83!2sTanc%C3%ADtaro%201329%2C%20San%20Jeronimo%20I%2C%2037204%20Le%C3%B3n%20de%20los%20Aldama%2C%20Gto.!5e0!3m2!1sen!2smx!4v1716243517638!5m2!1sen!2smx\" width=\"100%\" height=\"850\" style=\"border:0;\" allowfullscreen=\"\" loading=\"lazy\" referrerpolicy=\"no-referrer-when-downgrade\"><\/iframe>\t\t\t\t<\/div>\n\t\t\t\t<\/div>\n\t\t\t\t<\/div>\n\t\t\t\t\t<\/div>\n\t\t<\/div>\n\t\t\t\t\t<\/div>\n\t\t<\/section>\n\t\t\t\t<\/div>\n\t\t","protected":false},"excerpt":{"rendered":"<p>Hablemos de crecer juntos. En Altbic, nos apasiona impulsar proyectos hacia el \u00e9xito. Valoramos el contacto directo y personalizado con nuestros clientes, responderemos lo antes posible.<\/p>\n","protected":false},"author":3,"featured_media":0,"parent":0,"menu_order":0,"comment_status":"closed","ping_status":"closed","template":"page-full-width.php","meta":{"footnotes":""},"class_list":["post-6241","page","type-page","status-publish","hentry"],"yoast_head":"<!-- This site is optimized with the Yoast SEO plugin v27.5 - https:\/\/yoast.com\/product\/yoast-seo-wordpress\/ -->\n<title>Contact us - altbic<\/title>\n<meta name=\"description\" content=\"Cont\u00e1ctenos y descubra c\u00f3mo podemos ayudar a transformar su organizaci\u00f3n. Estamos aqu\u00ed para responder a sus preguntas y proporcionar soluciones personalizadas.\" \/>\n<meta name=\"robots\" content=\"index, follow, max-snippet:-1, max-image-preview:large, max-video-preview:-1\" \/>\n<link rel=\"canonical\" href=\"https:\/\/demo.cuevano.mx\/altbic\/contact-us\/\" \/>\n<meta property=\"og:locale\" content=\"es_ES\" \/>\n<meta property=\"og:type\" content=\"article\" \/>\n<meta property=\"og:title\" content=\"Contact us - altbic\" \/>\n<meta property=\"og:description\" content=\"Cont\u00e1ctenos y descubra c\u00f3mo podemos ayudar a transformar su organizaci\u00f3n. Estamos aqu\u00ed para responder a sus preguntas y proporcionar soluciones personalizadas.\" \/>\n<meta property=\"og:url\" content=\"https:\/\/demo.cuevano.mx\/altbic\/contact-us\/\" \/>\n<meta property=\"og:site_name\" content=\"altbic\" \/>\n<meta property=\"article:modified_time\" content=\"2024-09-02T04:12:42+00:00\" \/>\n<meta name=\"twitter:card\" content=\"summary_large_image\" \/>\n<meta name=\"twitter:label1\" content=\"Tiempo de lectura\" \/>\n\t<meta name=\"twitter:data1\" content=\"1 minuto\" \/>\n<script type=\"application\/ld+json\" class=\"yoast-schema-graph\">{\"@context\":\"https:\\\/\\\/schema.org\",\"@graph\":[{\"@type\":\"WebPage\",\"@id\":\"https:\\\/\\\/demo.cuevano.mx\\\/altbic\\\/contact-us\\\/\",\"url\":\"https:\\\/\\\/demo.cuevano.mx\\\/altbic\\\/contact-us\\\/\",\"name\":\"Contact us - altbic\",\"isPartOf\":{\"@id\":\"https:\\\/\\\/demo.cuevano.mx\\\/altbic\\\/#website\"},\"datePublished\":\"2023-02-09T14:14:46+00:00\",\"dateModified\":\"2024-09-02T04:12:42+00:00\",\"description\":\"Cont\u00e1ctenos y descubra c\u00f3mo podemos ayudar a transformar su organizaci\u00f3n. Estamos aqu\u00ed para responder a sus preguntas y proporcionar soluciones personalizadas.\",\"breadcrumb\":{\"@id\":\"https:\\\/\\\/demo.cuevano.mx\\\/altbic\\\/contact-us\\\/#breadcrumb\"},\"inLanguage\":\"es\",\"potentialAction\":[{\"@type\":\"ReadAction\",\"target\":[\"https:\\\/\\\/demo.cuevano.mx\\\/altbic\\\/contact-us\\\/\"]}]},{\"@type\":\"BreadcrumbList\",\"@id\":\"https:\\\/\\\/demo.cuevano.mx\\\/altbic\\\/contact-us\\\/#breadcrumb\",\"itemListElement\":[{\"@type\":\"ListItem\",\"position\":1,\"name\":\"Home\",\"item\":\"https:\\\/\\\/demo.cuevano.mx\\\/altbic\\\/\"},{\"@type\":\"ListItem\",\"position\":2,\"name\":\"Contact us\"}]},{\"@type\":\"WebSite\",\"@id\":\"https:\\\/\\\/demo.cuevano.mx\\\/altbic\\\/#website\",\"url\":\"https:\\\/\\\/demo.cuevano.mx\\\/altbic\\\/\",\"name\":\"altbic\",\"description\":\"\",\"publisher\":{\"@id\":\"https:\\\/\\\/demo.cuevano.mx\\\/altbic\\\/#organization\"},\"potentialAction\":[{\"@type\":\"SearchAction\",\"target\":{\"@type\":\"EntryPoint\",\"urlTemplate\":\"https:\\\/\\\/demo.cuevano.mx\\\/altbic\\\/?s={search_term_string}\"},\"query-input\":{\"@type\":\"PropertyValueSpecification\",\"valueRequired\":true,\"valueName\":\"search_term_string\"}}],\"inLanguage\":\"es\"},{\"@type\":\"Organization\",\"@id\":\"https:\\\/\\\/demo.cuevano.mx\\\/altbic\\\/#organization\",\"name\":\"Altbic\",\"url\":\"https:\\\/\\\/demo.cuevano.mx\\\/altbic\\\/\",\"logo\":{\"@type\":\"ImageObject\",\"inLanguage\":\"es\",\"@id\":\"https:\\\/\\\/demo.cuevano.mx\\\/altbic\\\/#\\\/schema\\\/logo\\\/image\\\/\",\"url\":\"https:\\\/\\\/demo.cuevano.mx\\\/altbic\\\/wp-content\\\/uploads\\\/2023\\\/09\\\/cropped-Logo.png\",\"contentUrl\":\"https:\\\/\\\/demo.cuevano.mx\\\/altbic\\\/wp-content\\\/uploads\\\/2023\\\/09\\\/cropped-Logo.png\",\"width\":420,\"height\":136,\"caption\":\"Altbic\"},\"image\":{\"@id\":\"https:\\\/\\\/demo.cuevano.mx\\\/altbic\\\/#\\\/schema\\\/logo\\\/image\\\/\"},\"sameAs\":[\"https:\\\/\\\/www.instagram.com\\\/altbic\\\/\"]}]}<\/script>\n<!-- \/ Yoast SEO plugin. -->","yoast_head_json":{"title":"Contact us - altbic","description":"Cont\u00e1ctenos y descubra c\u00f3mo podemos ayudar a transformar su organizaci\u00f3n. Estamos aqu\u00ed para responder a sus preguntas y proporcionar soluciones personalizadas.","robots":{"index":"index","follow":"follow","max-snippet":"max-snippet:-1","max-image-preview":"max-image-preview:large","max-video-preview":"max-video-preview:-1"},"canonical":"https:\/\/demo.cuevano.mx\/altbic\/contact-us\/","og_locale":"es_ES","og_type":"article","og_title":"Contact us - altbic","og_description":"Cont\u00e1ctenos y descubra c\u00f3mo podemos ayudar a transformar su organizaci\u00f3n. Estamos aqu\u00ed para responder a sus preguntas y proporcionar soluciones personalizadas.","og_url":"https:\/\/demo.cuevano.mx\/altbic\/contact-us\/","og_site_name":"altbic","article_modified_time":"2024-09-02T04:12:42+00:00","twitter_card":"summary_large_image","twitter_misc":{"Tiempo de lectura":"1 minuto"},"schema":{"@context":"https:\/\/schema.org","@graph":[{"@type":"WebPage","@id":"https:\/\/demo.cuevano.mx\/altbic\/contact-us\/","url":"https:\/\/demo.cuevano.mx\/altbic\/contact-us\/","name":"Contact us - altbic","isPartOf":{"@id":"https:\/\/demo.cuevano.mx\/altbic\/#website"},"datePublished":"2023-02-09T14:14:46+00:00","dateModified":"2024-09-02T04:12:42+00:00","description":"Cont\u00e1ctenos y descubra c\u00f3mo podemos ayudar a transformar su organizaci\u00f3n. Estamos aqu\u00ed para responder a sus preguntas y proporcionar soluciones personalizadas.","breadcrumb":{"@id":"https:\/\/demo.cuevano.mx\/altbic\/contact-us\/#breadcrumb"},"inLanguage":"es","potentialAction":[{"@type":"ReadAction","target":["https:\/\/demo.cuevano.mx\/altbic\/contact-us\/"]}]},{"@type":"BreadcrumbList","@id":"https:\/\/demo.cuevano.mx\/altbic\/contact-us\/#breadcrumb","itemListElement":[{"@type":"ListItem","position":1,"name":"Home","item":"https:\/\/demo.cuevano.mx\/altbic\/"},{"@type":"ListItem","position":2,"name":"Contact us"}]},{"@type":"WebSite","@id":"https:\/\/demo.cuevano.mx\/altbic\/#website","url":"https:\/\/demo.cuevano.mx\/altbic\/","name":"altbic","description":"","publisher":{"@id":"https:\/\/demo.cuevano.mx\/altbic\/#organization"},"potentialAction":[{"@type":"SearchAction","target":{"@type":"EntryPoint","urlTemplate":"https:\/\/demo.cuevano.mx\/altbic\/?s={search_term_string}"},"query-input":{"@type":"PropertyValueSpecification","valueRequired":true,"valueName":"search_term_string"}}],"inLanguage":"es"},{"@type":"Organization","@id":"https:\/\/demo.cuevano.mx\/altbic\/#organization","name":"Altbic","url":"https:\/\/demo.cuevano.mx\/altbic\/","logo":{"@type":"ImageObject","inLanguage":"es","@id":"https:\/\/demo.cuevano.mx\/altbic\/#\/schema\/logo\/image\/","url":"https:\/\/demo.cuevano.mx\/altbic\/wp-content\/uploads\/2023\/09\/cropped-Logo.png","contentUrl":"https:\/\/demo.cuevano.mx\/altbic\/wp-content\/uploads\/2023\/09\/cropped-Logo.png","width":420,"height":136,"caption":"Altbic"},"image":{"@id":"https:\/\/demo.cuevano.mx\/altbic\/#\/schema\/logo\/image\/"},"sameAs":["https:\/\/www.instagram.com\/altbic\/"]}]}},"_links":{"self":[{"href":"https:\/\/demo.cuevano.mx\/altbic\/wp-json\/wp\/v2\/pages\/6241","targetHints":{"allow":["GET"]}}],"collection":[{"href":"https:\/\/demo.cuevano.mx\/altbic\/wp-json\/wp\/v2\/pages"}],"about":[{"href":"https:\/\/demo.cuevano.mx\/altbic\/wp-json\/wp\/v2\/types\/page"}],"author":[{"embeddable":true,"href":"https:\/\/demo.cuevano.mx\/altbic\/wp-json\/wp\/v2\/users\/3"}],"replies":[{"embeddable":true,"href":"https:\/\/demo.cuevano.mx\/altbic\/wp-json\/wp\/v2\/comments?post=6241"}],"version-history":[{"count":52,"href":"https:\/\/demo.cuevano.mx\/altbic\/wp-json\/wp\/v2\/pages\/6241\/revisions"}],"predecessor-version":[{"id":89739,"href":"https:\/\/demo.cuevano.mx\/altbic\/wp-json\/wp\/v2\/pages\/6241\/revisions\/89739"}],"wp:attachment":[{"href":"https:\/\/demo.cuevano.mx\/altbic\/wp-json\/wp\/v2\/media?parent=6241"}],"curies":[{"name":"wp","href":"https:\/\/api.w.org\/{rel}","templated":true}]}}