{"id":89825,"date":"2024-06-16T13:31:21","date_gmt":"2024-06-16T19:31:21","guid":{"rendered":"https:\/\/demo.cuevano.mx\/altbic\/industries\/consumer-market\/minoristas-2\/"},"modified":"2024-07-10T11:20:11","modified_gmt":"2024-07-10T17:20:11","slug":"proveedores-de-atencion-medica","status":"publish","type":"page","link":"https:\/\/demo.cuevano.mx\/altbic\/industries\/lifecare\/proveedores-de-atencion-medica\/","title":{"rendered":"Proveedores de atenci\u00f3n m\u00e9dica"},"content":{"rendered":"\t\t<div data-elementor-type=\"wp-page\" data-elementor-id=\"89825\" class=\"elementor elementor-89825\">\n\t\t\t\t\t\t<section class=\"elementor-section elementor-top-section elementor-element elementor-element-19839d2 elementor-section-full_width elementor-section-height-min-height elementor-section-height-default elementor-section-items-middle\" data-id=\"19839d2\" data-element_type=\"section\" data-e-type=\"section\" data-settings=\"{&quot;background_background&quot;:&quot;classic&quot;}\">\n\t\t\t\t\t\t<div class=\"elementor-container elementor-column-gap-no\">\n\t\t\t\t\t<div class=\"elementor-column elementor-col-100 elementor-top-column elementor-element elementor-element-9fa3f9d\" data-id=\"9fa3f9d\" data-element_type=\"column\" data-e-type=\"column\">\n\t\t\t<div class=\"elementor-widget-wrap\">\n\t\t\t\t\t\t\t<\/div>\n\t\t<\/div>\n\t\t\t\t\t<\/div>\n\t\t<\/section>\n\t\t\t\t<section class=\"elementor-section elementor-top-section elementor-element elementor-element-a40f8b6 elementor-section-full_width qodef-elementor-content-grid qodef-extended-grid qodef-extended-grid--right qodef-extended-grid-disabled--1024 elementor-section-height-default elementor-section-height-default\" data-id=\"a40f8b6\" data-element_type=\"section\" data-e-type=\"section\" data-settings=\"{&quot;background_background&quot;:&quot;classic&quot;}\">\n\t\t\t\t\t\t<div class=\"elementor-container elementor-column-gap-no\">\n\t\t\t\t\t<div class=\"elementor-column elementor-col-50 elementor-top-column elementor-element elementor-element-fd30aba\" data-id=\"fd30aba\" data-element_type=\"column\" data-e-type=\"column\">\n\t\t\t<div class=\"elementor-widget-wrap elementor-element-populated\">\n\t\t\t\t\t\t<div class=\"elementor-element elementor-element-3041dd7 elementor-widget__width-auto elementor-widget elementor-widget-leroux_core_single_image\" data-id=\"3041dd7\" data-element_type=\"widget\" data-e-type=\"widget\" data-widget_type=\"leroux_core_single_image.default\">\n\t\t\t\t<div class=\"elementor-widget-container\">\n\t\t\t\t\t<div class=\"qodef-shortcode qodef-m  qodef-single-image qodef-layout--default   \">\n\t\t\t<div class=\"qodef-m-image\">\n\t\t\t\t\t\t\t\t<img fetchpriority=\"high\" decoding=\"async\" width=\"600\" height=\"600\" src=\"https:\/\/demo.cuevano.mx\/altbic\/wp-content\/uploads\/2024\/06\/individual-proveedores-de-atencion-medica.jpg\" class=\"attachment-full size-full\" alt=\"\" srcset=\"https:\/\/demo.cuevano.mx\/altbic\/wp-content\/uploads\/2024\/06\/individual-proveedores-de-atencion-medica.jpg 600w, https:\/\/demo.cuevano.mx\/altbic\/wp-content\/uploads\/2024\/06\/individual-proveedores-de-atencion-medica-300x300.jpg 300w, https:\/\/demo.cuevano.mx\/altbic\/wp-content\/uploads\/2024\/06\/individual-proveedores-de-atencion-medica-150x150.jpg 150w, https:\/\/demo.cuevano.mx\/altbic\/wp-content\/uploads\/2024\/06\/individual-proveedores-de-atencion-medica-100x100.jpg 100w\" sizes=\"(max-width: 600px) 100vw, 600px\" \/>\t\t\t\t\t\t\t<\/div>\n\t<\/div>\n\t\t\t\t<\/div>\n\t\t\t\t<\/div>\n\t\t\t\t\t<\/div>\n\t\t<\/div>\n\t\t\t\t<div class=\"elementor-column elementor-col-50 elementor-top-column elementor-element elementor-element-7154113\" data-id=\"7154113\" data-element_type=\"column\" data-e-type=\"column\">\n\t\t\t<div class=\"elementor-widget-wrap elementor-element-populated\">\n\t\t\t\t\t\t<div class=\"elementor-element elementor-element-a8cbc8f elementor-widget elementor-widget-leroux_core_section_title\" data-id=\"a8cbc8f\" data-element_type=\"widget\" data-e-type=\"widget\" data-widget_type=\"leroux_core_section_title.default\">\n\t\t\t\t<div class=\"elementor-widget-container\">\n\t\t\t\t\t<div class=\"qodef-shortcode qodef-m industries-title qodef-section-title qodef-alignment--left qodef-title-break--disabled\">\n\t\t<h2 class=\"qodef-m-title\" style=\"color: #000000\">\n\t\t\t\t\tProovedores de atenci\u00f3n m\u00e9dica\t\t\t<\/h2>\n\t\t<p class=\"qodef-m-text\" style=\"color: #000000\">Lifecare<\/p>\n<\/div>\n\t\t\t\t<\/div>\n\t\t\t\t<\/div>\n\t\t\t\t<div class=\"elementor-element elementor-element-5a20cee elementor-widget elementor-widget-html\" data-id=\"5a20cee\" data-element_type=\"widget\" data-e-type=\"widget\" data-widget_type=\"html.default\">\n\t\t\t\t<div class=\"elementor-widget-container\">\n\t\t\t\t\t<h3 class=\"industries-subtitle\"><span class=\"emphasized-industries-subtitle\">Quality Care,<\/span> <i>Smart Solutions<\/i><\/h3>\n<div class=\"industries-text\">\n    <p>\n        La industria de los proveedores de salud enfrenta importantes desaf\u00edos, desde la adaptaci\u00f3n a avances tecnol\u00f3gicos como la telemedicina y la inteligencia artificial, hasta la gesti\u00f3n de recursos frente a los cambios de los mercados y las econom\u00edas emergentes.\n    <\/p>\n    <p>\n        Colaboramos con proveedores para mejorar la posici\u00f3n en el mercado, y los preparamos para el futuro din\u00e1mico del entorno de la salud. Nuestro objetivo es convertir estos desaf\u00edos en oportunidades, asegurando que puedan ofrecer una atenci\u00f3n excepcional en un mundo en constante cambio.\n    <\/p>\n<\/div>\n<div id=\"leroux_core_button-services\" class=\"widget widget_leroux_core_button qodef-sticky-right\"><a class=\"qodef-shortcode qodef-m  qodef-button qodef-layout--filled  qodef-size--small qodef-html--link\" href=\"https:\/\/demo.cuevano.mx\/altbic\/services\" target=\"_self\" style=\"background-color: #F27F3D;font-weight: 500\">    <span class=\"qodef-m-text\">Services<\/span>    <span class=\"qodef-m-arrow\"><svg class=\"qodef-svg--button-arrow\" xmlns=\"http:\/\/www.w3.org\/2000\/svg\" width=\"10\" height=\"10\" viewBox=\"0 0 9.8 9.8\"><g><path d=\"m.4 9.4 9-9\"><\/path><path d=\"M.4.5h8.9\"><\/path><path d=\"M9.3 9.4V.5\"><\/path><\/g><g><path d=\"m.4 9.4 9-9\"><\/path><path d=\"M.4.5h8.9\"><\/path><path d=\"M9.3 9.4V.5\"><\/path><\/g><\/svg><\/span><\/a><\/div>\t\t\t\t<\/div>\n\t\t\t\t<\/div>\n\t\t\t\t\t<\/div>\n\t\t<\/div>\n\t\t\t\t\t<\/div>\n\t\t<\/section>\n\t\t\t\t<section class=\"elementor-section elementor-top-section elementor-element elementor-element-52310af elementor-section-full_width elementor-section-height-default elementor-section-height-default\" data-id=\"52310af\" data-element_type=\"section\" data-e-type=\"section\" data-settings=\"{&quot;background_background&quot;:&quot;classic&quot;}\">\n\t\t\t\t\t\t<div class=\"elementor-container elementor-column-gap-no\">\n\t\t\t\t\t<div class=\"elementor-column elementor-col-100 elementor-top-column elementor-element elementor-element-69fb989\" data-id=\"69fb989\" data-element_type=\"column\" data-e-type=\"column\">\n\t\t\t<div class=\"elementor-widget-wrap elementor-element-populated\">\n\t\t\t\t\t\t<div class=\"elementor-element elementor-element-0c7ed46 elementor-widget elementor-widget-slider_revolution\" data-id=\"0c7ed46\" data-element_type=\"widget\" data-e-type=\"widget\" data-widget_type=\"slider_revolution.default\">\n\t\t\t\t<div class=\"elementor-widget-container\">\n\t\t\t\t\t\n\t\t<div class=\"wp-block-themepunch-revslider\">\n\t\t\t<!-- START Industries REVOLUTION SLIDER 6.6.20 --><p class=\"rs-p-wp-fix\"><\/p>\n\t\t\t<rs-module-wrap id=\"rev_slider_17_1_wrapper\" data-source=\"gallery\" style=\"visibility:hidden;background:transparent;padding:0;margin:0px auto;margin-top:0;margin-bottom:0;\">\n\t\t\t\t<rs-module id=\"rev_slider_17_1\" style=\"\" data-version=\"6.6.20\">\n\t\t\t\t\t<rs-slides style=\"overflow: hidden; position: absolute;\">\n\t\t\t\t\t\t<rs-slide style=\"position: absolute;\" data-key=\"rs-35\" data-title=\"Slide\" data-in=\"o:0;\" data-out=\"a:false;\">\n\t\t\t\t\t\t\t<img decoding=\"async\" src=\"\/\/demo.cuevano.mx\/altbic\/wp-content\/plugins\/revslider\/public\/assets\/assets\/dummy.png\" alt=\"\" title=\"call to action industries\" width=\"1924\" height=\"792\" class=\"rev-slidebg tp-rs-img rs-lazyload\" data-lazyload=\"\/\/demo.cuevano.mx\/altbic\/wp-content\/uploads\/2024\/06\/call-to-action-industries.jpg\" data-panzoom=\"d:10000;ss:100;se:105%;os:20px\/-20px;oe:30px\/-30px;\" data-no-retina>\n<!--\n\t\t\t\t\t\t\t--><rs-layer\n\t\t\t\t\t\t\t\tid=\"slider-17-slide-35-layer-0\" \n\t\t\t\t\t\t\t\tclass=\"slider-title\"\n\t\t\t\t\t\t\t\tdata-type=\"text\"\n\t\t\t\t\t\t\t\tdata-xy=\"x:c;y:m;yo:-30px,10px,-16px,-100px;\"\n\t\t\t\t\t\t\t\tdata-text=\"w:normal;s:40,40,40,12;a:center;\"\n\t\t\t\t\t\t\t\tdata-dim=\"w:750px,750px,580px,300px;\"\n\t\t\t\t\t\t\t\tdata-basealign=\"slide\"\n\t\t\t\t\t\t\t\tdata-rsp_o=\"off\"\n\t\t\t\t\t\t\t\tdata-rsp_bd=\"off\"\n\t\t\t\t\t\t\t\tdata-frame_0=\"y:-30px;\"\n\t\t\t\t\t\t\t\tdata-frame_1=\"st:100;sp:1000;\"\n\t\t\t\t\t\t\t\tdata-frame_999=\"o:0;st:w;\"\n\t\t\t\t\t\t\t\tstyle=\"z-index:8;font-family:'Roboto';\"\n\t\t\t\t\t\t\t><div class=\"qodef-shortcode qodef-m  qodef-section-title qodef-alignment--center \">\n\t\t<h1 class=\"qodef-m-title\" style=\"color: #ffffff\">\n\t\t\t\t\tLET'S SHAPE THE FUTURE TOGETHER\t\t\t<\/h1>\n\t<\/div>\n \n\t\t\t\t\t\t\t<\/rs-layer><!--\n\n\t\t\t\t\t\t\t--><rs-layer\n\t\t\t\t\t\t\t\tid=\"slider-17-slide-35-layer-2\" \n\t\t\t\t\t\t\t\tclass=\"slider-button\"\n\t\t\t\t\t\t\t\tdata-type=\"text\"\n\t\t\t\t\t\t\t\tdata-xy=\"x:c;y:m;yo:170px,128px,102px,150px;\"\n\t\t\t\t\t\t\t\tdata-text=\"w:normal;a:center;\"\n\t\t\t\t\t\t\t\tdata-dim=\"w:600px;\"\n\t\t\t\t\t\t\t\tdata-basealign=\"slide\"\n\t\t\t\t\t\t\t\tdata-rsp_o=\"off\"\n\t\t\t\t\t\t\t\tdata-rsp_bd=\"off\"\n\t\t\t\t\t\t\t\tdata-frame_0=\"y:-30px;\"\n\t\t\t\t\t\t\t\tdata-frame_1=\"st:200;sp:1000;\"\n\t\t\t\t\t\t\t\tdata-frame_999=\"o:0;st:w;\"\n\t\t\t\t\t\t\t\tstyle=\"z-index:9;font-family:'Roboto';\"\n\t\t\t\t\t\t\t><a class=\"qodef-shortcode qodef-m  qodef-button qodef-layout--filled qodef-background--blur  qodef-html--link\" href=\"https:\/\/demo.cuevano.mx\/altbic\/send-rfp\" target=\"_self\"  style=\"background-color: #8201e0\">\n    <span class=\"qodef-m-text\">Send RFP<\/span>\n    <span class=\"qodef-m-arrow\"><svg class=\"qodef-svg--button-arrow\" xmlns=\"http:\/\/www.w3.org\/2000\/svg\" width=\"10\" height=\"10\" viewBox=\"0 0 9.8 9.8\"><g><path d=\"m.4 9.4 9-9\"\/><path d=\"M.4.5h8.9\"\/><path d=\"M9.3 9.4V.5\"\/><\/g><g><path d=\"m.4 9.4 9-9\"\/><path d=\"M.4.5h8.9\"\/><path d=\"M9.3 9.4V.5\"\/><\/g><\/svg><\/span>\n<\/a>\n \n\t\t\t\t\t\t\t<\/rs-layer><!--\n\n\t\t\t\t\t\t\t--><rs-layer\n\t\t\t\t\t\t\t\tid=\"slider-17-slide-35-layer-4\" \n\t\t\t\t\t\t\t\tdata-type=\"text\"\n\t\t\t\t\t\t\t\tdata-xy=\"x:c;y:m;yo:50px,10px,-16px,-15px;\"\n\t\t\t\t\t\t\t\tdata-text=\"w:normal;a:center;\"\n\t\t\t\t\t\t\t\tdata-dim=\"w:600px,600px,580px,255px;\"\n\t\t\t\t\t\t\t\tdata-basealign=\"slide\"\n\t\t\t\t\t\t\t\tdata-rsp_o=\"off\"\n\t\t\t\t\t\t\t\tdata-rsp_bd=\"off\"\n\t\t\t\t\t\t\t\tdata-frame_0=\"y:-30px;\"\n\t\t\t\t\t\t\t\tdata-frame_1=\"st:100;sp:1000;\"\n\t\t\t\t\t\t\t\tdata-frame_999=\"o:0;st:w;\"\n\t\t\t\t\t\t\t\tstyle=\"z-index:7;font-family:'Roboto';\"\n\t\t\t\t\t\t\t><div class=\"qodef-shortcode qodef-m  qodef-section-title qodef-alignment--center \">\n\t\t<p class=\"qodef-m-title\" style=\"color: #ffffff\">\n\t\t\t\t\tComencemos a darle forma al futuro empresarial.\t\t\t<\/p>\n\t<\/div>\n \n\t\t\t\t\t\t\t<\/rs-layer><!--\n\n\t\t\t\t\t\t\t--><rs-layer\n\t\t\t\t\t\t\t\tid=\"slider-17-slide-35-layer-5\" \n\t\t\t\t\t\t\t\tdata-type=\"text\"\n\t\t\t\t\t\t\t\tdata-xy=\"x:c;y:m;yo:90px,10px,-16px,65px;\"\n\t\t\t\t\t\t\t\tdata-text=\"w:normal;a:center;\"\n\t\t\t\t\t\t\t\tdata-dim=\"w:645px,645px,580px,255px;\"\n\t\t\t\t\t\t\t\tdata-basealign=\"slide\"\n\t\t\t\t\t\t\t\tdata-rsp_o=\"off\"\n\t\t\t\t\t\t\t\tdata-rsp_bd=\"off\"\n\t\t\t\t\t\t\t\tdata-frame_0=\"y:-30px;\"\n\t\t\t\t\t\t\t\tdata-frame_1=\"st:100;sp:1000;\"\n\t\t\t\t\t\t\t\tdata-frame_999=\"o:0;st:w;\"\n\t\t\t\t\t\t\t\tstyle=\"z-index:6;font-family:'Roboto';\"\n\t\t\t\t\t\t\t><div class=\"qodef-shortcode qodef-m  qodef-section-title qodef-alignment--center \">\n\t\t<p class=\"qodef-m-title\" style=\"color: #ffffff\">\n\t\t\t\t\tObt\u00e9n un contacto personalizado y llevemos las metas organizacionales al siguiente nivel.\t\t\t<\/p>\n\t<\/div>\n \n\t\t\t\t\t\t\t<\/rs-layer><!--\n-->\t\t\t\t\t\t<\/rs-slide>\n\t\t\t\t\t<\/rs-slides>\n\t\t\t\t<\/rs-module>\n\t\t\t\t<script>\n\t\t\t\t\tsetREVStartSize({c: 'rev_slider_17_1',rl:[1240,1024,778,480],el:[770,645,645,600],gw:[1300,1100,600,300],gh:[770,645,645,600],type:'hero',justify:'',layout:'fullwidth',mh:\"0\"});if (window.RS_MODULES!==undefined && window.RS_MODULES.modules!==undefined && window.RS_MODULES.modules[\"revslider171\"]!==undefined) {window.RS_MODULES.modules[\"revslider171\"].once = false;window.revapi17 = undefined;if (window.RS_MODULES.checkMinimal!==undefined) window.RS_MODULES.checkMinimal()}\n\t\t\t\t<\/script>\n\t\t\t<\/rs-module-wrap>\n\t\t\t<!-- END REVOLUTION SLIDER -->\n<\/div>\n\n\t\t\t\t\t\t<\/div>\n\t\t\t\t<\/div>\n\t\t\t\t\t<\/div>\n\t\t<\/div>\n\t\t\t\t\t<\/div>\n\t\t<\/section>\n\t\t\t\t<\/div>\n\t\t","protected":false},"excerpt":{"rendered":"<p>Proovedores de atenci\u00f3n m\u00e9dica Lifecare Quality Care, Smart Solutions La industria de los proveedores de salud enfrenta importantes desaf\u00edos, desde la adaptaci\u00f3n a avances tecnol\u00f3gicos como la telemedicina y la inteligencia artificial, hasta la gesti\u00f3n de recursos frente a los cambios de los mercados y las econom\u00edas emergentes. Colaboramos con proveedores para mejorar la posici\u00f3n [&hellip;]<\/p>\n","protected":false},"author":3,"featured_media":0,"parent":89846,"menu_order":0,"comment_status":"closed","ping_status":"closed","template":"page-full-width.php","meta":{"footnotes":""},"class_list":["post-89825","page","type-page","status-publish","hentry"],"yoast_head":"<!-- This site is optimized with the Yoast SEO plugin v27.5 - https:\/\/yoast.com\/product\/yoast-seo-wordpress\/ -->\n<title>Proveedores de atenci\u00f3n m\u00e9dica - altbic<\/title>\n<meta name=\"robots\" content=\"index, follow, max-snippet:-1, max-image-preview:large, max-video-preview:-1\" \/>\n<link rel=\"canonical\" href=\"https:\/\/demo.cuevano.mx\/altbic\/industries\/lifecare\/proveedores-de-atencion-medica\/\" \/>\n<meta property=\"og:locale\" content=\"es_ES\" \/>\n<meta property=\"og:type\" content=\"article\" \/>\n<meta property=\"og:title\" content=\"Proveedores de atenci\u00f3n m\u00e9dica - altbic\" \/>\n<meta property=\"og:description\" content=\"Proovedores de atenci\u00f3n m\u00e9dica Lifecare Quality Care, Smart Solutions La industria de los proveedores de salud enfrenta importantes desaf\u00edos, desde la adaptaci\u00f3n a avances tecnol\u00f3gicos como la telemedicina y la inteligencia artificial, hasta la gesti\u00f3n de recursos frente a los cambios de los mercados y las econom\u00edas emergentes. Colaboramos con proveedores para mejorar la posici\u00f3n [&hellip;]\" \/>\n<meta property=\"og:url\" content=\"https:\/\/demo.cuevano.mx\/altbic\/industries\/lifecare\/proveedores-de-atencion-medica\/\" \/>\n<meta property=\"og:site_name\" content=\"altbic\" \/>\n<meta property=\"article:modified_time\" content=\"2024-07-10T17:20:11+00:00\" \/>\n<meta property=\"og:image\" content=\"https:\/\/demo.cuevano.mx\/altbic\/wp-content\/uploads\/2024\/06\/individual-proveedores-de-atencion-medica.jpg\" \/>\n<meta name=\"twitter:card\" content=\"summary_large_image\" \/>\n<meta name=\"twitter:label1\" content=\"Tiempo de lectura\" \/>\n\t<meta name=\"twitter:data1\" content=\"1 minuto\" \/>\n<script type=\"application\/ld+json\" class=\"yoast-schema-graph\">{\"@context\":\"https:\\\/\\\/schema.org\",\"@graph\":[{\"@type\":\"WebPage\",\"@id\":\"https:\\\/\\\/demo.cuevano.mx\\\/altbic\\\/industries\\\/lifecare\\\/proveedores-de-atencion-medica\\\/\",\"url\":\"https:\\\/\\\/demo.cuevano.mx\\\/altbic\\\/industries\\\/lifecare\\\/proveedores-de-atencion-medica\\\/\",\"name\":\"Proveedores de atenci\u00f3n m\u00e9dica - altbic\",\"isPartOf\":{\"@id\":\"https:\\\/\\\/demo.cuevano.mx\\\/altbic\\\/#website\"},\"primaryImageOfPage\":{\"@id\":\"https:\\\/\\\/demo.cuevano.mx\\\/altbic\\\/industries\\\/lifecare\\\/proveedores-de-atencion-medica\\\/#primaryimage\"},\"image\":{\"@id\":\"https:\\\/\\\/demo.cuevano.mx\\\/altbic\\\/industries\\\/lifecare\\\/proveedores-de-atencion-medica\\\/#primaryimage\"},\"thumbnailUrl\":\"https:\\\/\\\/demo.cuevano.mx\\\/altbic\\\/wp-content\\\/uploads\\\/2024\\\/06\\\/individual-proveedores-de-atencion-medica.jpg\",\"datePublished\":\"2024-06-16T19:31:21+00:00\",\"dateModified\":\"2024-07-10T17:20:11+00:00\",\"breadcrumb\":{\"@id\":\"https:\\\/\\\/demo.cuevano.mx\\\/altbic\\\/industries\\\/lifecare\\\/proveedores-de-atencion-medica\\\/#breadcrumb\"},\"inLanguage\":\"es\",\"potentialAction\":[{\"@type\":\"ReadAction\",\"target\":[\"https:\\\/\\\/demo.cuevano.mx\\\/altbic\\\/industries\\\/lifecare\\\/proveedores-de-atencion-medica\\\/\"]}]},{\"@type\":\"ImageObject\",\"inLanguage\":\"es\",\"@id\":\"https:\\\/\\\/demo.cuevano.mx\\\/altbic\\\/industries\\\/lifecare\\\/proveedores-de-atencion-medica\\\/#primaryimage\",\"url\":\"https:\\\/\\\/demo.cuevano.mx\\\/altbic\\\/wp-content\\\/uploads\\\/2024\\\/06\\\/individual-proveedores-de-atencion-medica.jpg\",\"contentUrl\":\"https:\\\/\\\/demo.cuevano.mx\\\/altbic\\\/wp-content\\\/uploads\\\/2024\\\/06\\\/individual-proveedores-de-atencion-medica.jpg\",\"width\":600,\"height\":600},{\"@type\":\"BreadcrumbList\",\"@id\":\"https:\\\/\\\/demo.cuevano.mx\\\/altbic\\\/industries\\\/lifecare\\\/proveedores-de-atencion-medica\\\/#breadcrumb\",\"itemListElement\":[{\"@type\":\"ListItem\",\"position\":1,\"name\":\"Home\",\"item\":\"https:\\\/\\\/demo.cuevano.mx\\\/altbic\\\/\"},{\"@type\":\"ListItem\",\"position\":2,\"name\":\"Industries\",\"item\":\"https:\\\/\\\/demo.cuevano.mx\\\/altbic\\\/industries\\\/\"},{\"@type\":\"ListItem\",\"position\":3,\"name\":\"Industries\",\"item\":\"https:\\\/\\\/demo.cuevano.mx\\\/altbic\\\/industries\\\/lifecare\\\/\"},{\"@type\":\"ListItem\",\"position\":4,\"name\":\"Proveedores de atenci\u00f3n m\u00e9dica\"}]},{\"@type\":\"WebSite\",\"@id\":\"https:\\\/\\\/demo.cuevano.mx\\\/altbic\\\/#website\",\"url\":\"https:\\\/\\\/demo.cuevano.mx\\\/altbic\\\/\",\"name\":\"altbic\",\"description\":\"\",\"publisher\":{\"@id\":\"https:\\\/\\\/demo.cuevano.mx\\\/altbic\\\/#organization\"},\"potentialAction\":[{\"@type\":\"SearchAction\",\"target\":{\"@type\":\"EntryPoint\",\"urlTemplate\":\"https:\\\/\\\/demo.cuevano.mx\\\/altbic\\\/?s={search_term_string}\"},\"query-input\":{\"@type\":\"PropertyValueSpecification\",\"valueRequired\":true,\"valueName\":\"search_term_string\"}}],\"inLanguage\":\"es\"},{\"@type\":\"Organization\",\"@id\":\"https:\\\/\\\/demo.cuevano.mx\\\/altbic\\\/#organization\",\"name\":\"Altbic\",\"url\":\"https:\\\/\\\/demo.cuevano.mx\\\/altbic\\\/\",\"logo\":{\"@type\":\"ImageObject\",\"inLanguage\":\"es\",\"@id\":\"https:\\\/\\\/demo.cuevano.mx\\\/altbic\\\/#\\\/schema\\\/logo\\\/image\\\/\",\"url\":\"https:\\\/\\\/demo.cuevano.mx\\\/altbic\\\/wp-content\\\/uploads\\\/2023\\\/09\\\/cropped-Logo.png\",\"contentUrl\":\"https:\\\/\\\/demo.cuevano.mx\\\/altbic\\\/wp-content\\\/uploads\\\/2023\\\/09\\\/cropped-Logo.png\",\"width\":420,\"height\":136,\"caption\":\"Altbic\"},\"image\":{\"@id\":\"https:\\\/\\\/demo.cuevano.mx\\\/altbic\\\/#\\\/schema\\\/logo\\\/image\\\/\"},\"sameAs\":[\"https:\\\/\\\/www.instagram.com\\\/altbic\\\/\"]}]}<\/script>\n<!-- \/ Yoast SEO plugin. -->","yoast_head_json":{"title":"Proveedores de atenci\u00f3n m\u00e9dica - altbic","robots":{"index":"index","follow":"follow","max-snippet":"max-snippet:-1","max-image-preview":"max-image-preview:large","max-video-preview":"max-video-preview:-1"},"canonical":"https:\/\/demo.cuevano.mx\/altbic\/industries\/lifecare\/proveedores-de-atencion-medica\/","og_locale":"es_ES","og_type":"article","og_title":"Proveedores de atenci\u00f3n m\u00e9dica - altbic","og_description":"Proovedores de atenci\u00f3n m\u00e9dica Lifecare Quality Care, Smart Solutions La industria de los proveedores de salud enfrenta importantes desaf\u00edos, desde la adaptaci\u00f3n a avances tecnol\u00f3gicos como la telemedicina y la inteligencia artificial, hasta la gesti\u00f3n de recursos frente a los cambios de los mercados y las econom\u00edas emergentes. Colaboramos con proveedores para mejorar la posici\u00f3n [&hellip;]","og_url":"https:\/\/demo.cuevano.mx\/altbic\/industries\/lifecare\/proveedores-de-atencion-medica\/","og_site_name":"altbic","article_modified_time":"2024-07-10T17:20:11+00:00","og_image":[{"url":"https:\/\/demo.cuevano.mx\/altbic\/wp-content\/uploads\/2024\/06\/individual-proveedores-de-atencion-medica.jpg","type":"","width":"","height":""}],"twitter_card":"summary_large_image","twitter_misc":{"Tiempo de lectura":"1 minuto"},"schema":{"@context":"https:\/\/schema.org","@graph":[{"@type":"WebPage","@id":"https:\/\/demo.cuevano.mx\/altbic\/industries\/lifecare\/proveedores-de-atencion-medica\/","url":"https:\/\/demo.cuevano.mx\/altbic\/industries\/lifecare\/proveedores-de-atencion-medica\/","name":"Proveedores de atenci\u00f3n m\u00e9dica - altbic","isPartOf":{"@id":"https:\/\/demo.cuevano.mx\/altbic\/#website"},"primaryImageOfPage":{"@id":"https:\/\/demo.cuevano.mx\/altbic\/industries\/lifecare\/proveedores-de-atencion-medica\/#primaryimage"},"image":{"@id":"https:\/\/demo.cuevano.mx\/altbic\/industries\/lifecare\/proveedores-de-atencion-medica\/#primaryimage"},"thumbnailUrl":"https:\/\/demo.cuevano.mx\/altbic\/wp-content\/uploads\/2024\/06\/individual-proveedores-de-atencion-medica.jpg","datePublished":"2024-06-16T19:31:21+00:00","dateModified":"2024-07-10T17:20:11+00:00","breadcrumb":{"@id":"https:\/\/demo.cuevano.mx\/altbic\/industries\/lifecare\/proveedores-de-atencion-medica\/#breadcrumb"},"inLanguage":"es","potentialAction":[{"@type":"ReadAction","target":["https:\/\/demo.cuevano.mx\/altbic\/industries\/lifecare\/proveedores-de-atencion-medica\/"]}]},{"@type":"ImageObject","inLanguage":"es","@id":"https:\/\/demo.cuevano.mx\/altbic\/industries\/lifecare\/proveedores-de-atencion-medica\/#primaryimage","url":"https:\/\/demo.cuevano.mx\/altbic\/wp-content\/uploads\/2024\/06\/individual-proveedores-de-atencion-medica.jpg","contentUrl":"https:\/\/demo.cuevano.mx\/altbic\/wp-content\/uploads\/2024\/06\/individual-proveedores-de-atencion-medica.jpg","width":600,"height":600},{"@type":"BreadcrumbList","@id":"https:\/\/demo.cuevano.mx\/altbic\/industries\/lifecare\/proveedores-de-atencion-medica\/#breadcrumb","itemListElement":[{"@type":"ListItem","position":1,"name":"Home","item":"https:\/\/demo.cuevano.mx\/altbic\/"},{"@type":"ListItem","position":2,"name":"Industries","item":"https:\/\/demo.cuevano.mx\/altbic\/industries\/"},{"@type":"ListItem","position":3,"name":"Industries","item":"https:\/\/demo.cuevano.mx\/altbic\/industries\/lifecare\/"},{"@type":"ListItem","position":4,"name":"Proveedores de atenci\u00f3n m\u00e9dica"}]},{"@type":"WebSite","@id":"https:\/\/demo.cuevano.mx\/altbic\/#website","url":"https:\/\/demo.cuevano.mx\/altbic\/","name":"altbic","description":"","publisher":{"@id":"https:\/\/demo.cuevano.mx\/altbic\/#organization"},"potentialAction":[{"@type":"SearchAction","target":{"@type":"EntryPoint","urlTemplate":"https:\/\/demo.cuevano.mx\/altbic\/?s={search_term_string}"},"query-input":{"@type":"PropertyValueSpecification","valueRequired":true,"valueName":"search_term_string"}}],"inLanguage":"es"},{"@type":"Organization","@id":"https:\/\/demo.cuevano.mx\/altbic\/#organization","name":"Altbic","url":"https:\/\/demo.cuevano.mx\/altbic\/","logo":{"@type":"ImageObject","inLanguage":"es","@id":"https:\/\/demo.cuevano.mx\/altbic\/#\/schema\/logo\/image\/","url":"https:\/\/demo.cuevano.mx\/altbic\/wp-content\/uploads\/2023\/09\/cropped-Logo.png","contentUrl":"https:\/\/demo.cuevano.mx\/altbic\/wp-content\/uploads\/2023\/09\/cropped-Logo.png","width":420,"height":136,"caption":"Altbic"},"image":{"@id":"https:\/\/demo.cuevano.mx\/altbic\/#\/schema\/logo\/image\/"},"sameAs":["https:\/\/www.instagram.com\/altbic\/"]}]}},"_links":{"self":[{"href":"https:\/\/demo.cuevano.mx\/altbic\/wp-json\/wp\/v2\/pages\/89825","targetHints":{"allow":["GET"]}}],"collection":[{"href":"https:\/\/demo.cuevano.mx\/altbic\/wp-json\/wp\/v2\/pages"}],"about":[{"href":"https:\/\/demo.cuevano.mx\/altbic\/wp-json\/wp\/v2\/types\/page"}],"author":[{"embeddable":true,"href":"https:\/\/demo.cuevano.mx\/altbic\/wp-json\/wp\/v2\/users\/3"}],"replies":[{"embeddable":true,"href":"https:\/\/demo.cuevano.mx\/altbic\/wp-json\/wp\/v2\/comments?post=89825"}],"version-history":[{"count":8,"href":"https:\/\/demo.cuevano.mx\/altbic\/wp-json\/wp\/v2\/pages\/89825\/revisions"}],"predecessor-version":[{"id":89889,"href":"https:\/\/demo.cuevano.mx\/altbic\/wp-json\/wp\/v2\/pages\/89825\/revisions\/89889"}],"up":[{"embeddable":true,"href":"https:\/\/demo.cuevano.mx\/altbic\/wp-json\/wp\/v2\/pages\/89846"}],"wp:attachment":[{"href":"https:\/\/demo.cuevano.mx\/altbic\/wp-json\/wp\/v2\/media?parent=89825"}],"curies":[{"name":"wp","href":"https:\/\/api.w.org\/{rel}","templated":true}]}}