{"id":89927,"date":"2024-06-16T14:48:21","date_gmt":"2024-06-16T20:48:21","guid":{"rendered":"https:\/\/demo.cuevano.mx\/altbic\/industries\/industrial-hub\/construccion-2\/"},"modified":"2024-07-10T11:24:15","modified_gmt":"2024-07-10T17:24:15","slug":"agronegocios","status":"publish","type":"page","link":"https:\/\/demo.cuevano.mx\/altbic\/industries\/industrial-hub\/agronegocios\/","title":{"rendered":"Agronegocios"},"content":{"rendered":"\t\t<div data-elementor-type=\"wp-page\" data-elementor-id=\"89927\" class=\"elementor elementor-89927\">\n\t\t\t\t\t\t<section class=\"elementor-section elementor-top-section elementor-element elementor-element-19839d2 elementor-section-full_width elementor-section-height-min-height elementor-section-height-default elementor-section-items-middle\" data-id=\"19839d2\" data-element_type=\"section\" data-e-type=\"section\" data-settings=\"{&quot;background_background&quot;:&quot;classic&quot;}\">\n\t\t\t\t\t\t<div class=\"elementor-container elementor-column-gap-no\">\n\t\t\t\t\t<div class=\"elementor-column elementor-col-100 elementor-top-column elementor-element elementor-element-9fa3f9d\" data-id=\"9fa3f9d\" data-element_type=\"column\" data-e-type=\"column\">\n\t\t\t<div class=\"elementor-widget-wrap\">\n\t\t\t\t\t\t\t<\/div>\n\t\t<\/div>\n\t\t\t\t\t<\/div>\n\t\t<\/section>\n\t\t\t\t<section class=\"elementor-section elementor-top-section elementor-element elementor-element-a40f8b6 elementor-section-full_width qodef-elementor-content-grid qodef-extended-grid qodef-extended-grid--right qodef-extended-grid-disabled--1024 elementor-section-height-default elementor-section-height-default\" data-id=\"a40f8b6\" data-element_type=\"section\" data-e-type=\"section\" data-settings=\"{&quot;background_background&quot;:&quot;classic&quot;}\">\n\t\t\t\t\t\t<div class=\"elementor-container elementor-column-gap-no\">\n\t\t\t\t\t<div class=\"elementor-column elementor-col-50 elementor-top-column elementor-element elementor-element-fd30aba\" data-id=\"fd30aba\" data-element_type=\"column\" data-e-type=\"column\">\n\t\t\t<div class=\"elementor-widget-wrap elementor-element-populated\">\n\t\t\t\t\t\t<div class=\"elementor-element elementor-element-3041dd7 elementor-widget__width-auto elementor-widget elementor-widget-leroux_core_single_image\" data-id=\"3041dd7\" data-element_type=\"widget\" data-e-type=\"widget\" data-widget_type=\"leroux_core_single_image.default\">\n\t\t\t\t<div class=\"elementor-widget-container\">\n\t\t\t\t\t<div class=\"qodef-shortcode qodef-m  qodef-single-image qodef-layout--default   \">\n\t\t\t<div class=\"qodef-m-image\">\n\t\t\t\t\t\t\t\t<img fetchpriority=\"high\" decoding=\"async\" width=\"600\" height=\"600\" src=\"https:\/\/demo.cuevano.mx\/altbic\/wp-content\/uploads\/2024\/06\/individual-agronegocios.jpg\" class=\"attachment-full size-full\" alt=\"\" srcset=\"https:\/\/demo.cuevano.mx\/altbic\/wp-content\/uploads\/2024\/06\/individual-agronegocios.jpg 600w, https:\/\/demo.cuevano.mx\/altbic\/wp-content\/uploads\/2024\/06\/individual-agronegocios-300x300.jpg 300w, https:\/\/demo.cuevano.mx\/altbic\/wp-content\/uploads\/2024\/06\/individual-agronegocios-150x150.jpg 150w, https:\/\/demo.cuevano.mx\/altbic\/wp-content\/uploads\/2024\/06\/individual-agronegocios-100x100.jpg 100w\" sizes=\"(max-width: 600px) 100vw, 600px\" \/>\t\t\t\t\t\t\t<\/div>\n\t<\/div>\n\t\t\t\t<\/div>\n\t\t\t\t<\/div>\n\t\t\t\t\t<\/div>\n\t\t<\/div>\n\t\t\t\t<div class=\"elementor-column elementor-col-50 elementor-top-column elementor-element elementor-element-7154113\" data-id=\"7154113\" data-element_type=\"column\" data-e-type=\"column\">\n\t\t\t<div class=\"elementor-widget-wrap elementor-element-populated\">\n\t\t\t\t\t\t<div class=\"elementor-element elementor-element-a8cbc8f elementor-widget elementor-widget-leroux_core_section_title\" data-id=\"a8cbc8f\" data-element_type=\"widget\" data-e-type=\"widget\" data-widget_type=\"leroux_core_section_title.default\">\n\t\t\t\t<div class=\"elementor-widget-container\">\n\t\t\t\t\t<div class=\"qodef-shortcode qodef-m industries-title qodef-section-title qodef-alignment--left qodef-title-break--disabled\">\n\t\t<h2 class=\"qodef-m-title\" style=\"color: #000000\">\n\t\t\t\t\tAgronegocios\t\t\t<\/h2>\n\t\t<p class=\"qodef-m-text\" style=\"color: #000000\">Industrial hub<\/p>\n<\/div>\n\t\t\t\t<\/div>\n\t\t\t\t<\/div>\n\t\t\t\t<div class=\"elementor-element elementor-element-5a20cee elementor-widget elementor-widget-html\" data-id=\"5a20cee\" data-element_type=\"widget\" data-e-type=\"widget\" data-widget_type=\"html.default\">\n\t\t\t\t<div class=\"elementor-widget-container\">\n\t\t\t\t\t<h3 class=\"industries-subtitle\"><span class=\"emphasized-industries-subtitle\">Sowing the<\/span> <i>seeds of change<\/i><\/h3>\n<div class=\"industries-text\">\n    <p>\n        Nos encontramos en una era donde es esencial aumentar la productividad para satisfacer las necesidades de una poblaci\u00f3n mundial en crecimiento, mientras nos adaptamos al cambio clim\u00e1tico y adoptamos pr\u00e1cticas sostenibles e innovadoras.\n    <\/p>\n    <p>\n        Reconocemos los desaf\u00edos complejos que enfrenta la industria de agronegocios. Asesoramos y desarrollamos estrategias dise\u00f1adas espec\u00edficamente para ayudarlas a prosperar en este cambiante entorno. Nos especializamos en mantener a las empresas actualizadas con los \u00faltimos lineamientos de producci\u00f3n, optimizando su estructura organizacional y facilitando una gesti\u00f3n efectiva de recursos y operaciones internas. Nuestro objetivo es guiar a estas organizaciones hacia un futuro agroindustrial pr\u00f3spero, donde puedan enfrentar los desaf\u00edos y aprovechar las oportunidades con confianza y \u00e9xito.\n    <\/p>\n<\/div>\n<div id=\"leroux_core_button-services\" class=\"widget widget_leroux_core_button qodef-sticky-right\"><a class=\"qodef-shortcode qodef-m  qodef-button qodef-layout--filled  qodef-size--small qodef-html--link\" href=\"https:\/\/demo.cuevano.mx\/altbic\/services\" target=\"_self\" style=\"background-color: #F27F3D;font-weight: 500\">    <span class=\"qodef-m-text\">Services<\/span>    <span class=\"qodef-m-arrow\"><svg class=\"qodef-svg--button-arrow\" xmlns=\"http:\/\/www.w3.org\/2000\/svg\" width=\"10\" height=\"10\" viewBox=\"0 0 9.8 9.8\"><g><path d=\"m.4 9.4 9-9\"><\/path><path d=\"M.4.5h8.9\"><\/path><path d=\"M9.3 9.4V.5\"><\/path><\/g><g><path d=\"m.4 9.4 9-9\"><\/path><path d=\"M.4.5h8.9\"><\/path><path d=\"M9.3 9.4V.5\"><\/path><\/g><\/svg><\/span><\/a><\/div>\t\t\t\t<\/div>\n\t\t\t\t<\/div>\n\t\t\t\t\t<\/div>\n\t\t<\/div>\n\t\t\t\t\t<\/div>\n\t\t<\/section>\n\t\t\t\t<section class=\"elementor-section elementor-top-section elementor-element elementor-element-52310af elementor-section-full_width elementor-section-height-default elementor-section-height-default\" data-id=\"52310af\" data-element_type=\"section\" data-e-type=\"section\" data-settings=\"{&quot;background_background&quot;:&quot;classic&quot;}\">\n\t\t\t\t\t\t<div class=\"elementor-container elementor-column-gap-no\">\n\t\t\t\t\t<div class=\"elementor-column elementor-col-100 elementor-top-column elementor-element elementor-element-69fb989\" data-id=\"69fb989\" data-element_type=\"column\" data-e-type=\"column\">\n\t\t\t<div class=\"elementor-widget-wrap elementor-element-populated\">\n\t\t\t\t\t\t<div class=\"elementor-element elementor-element-0c7ed46 elementor-widget elementor-widget-slider_revolution\" data-id=\"0c7ed46\" data-element_type=\"widget\" data-e-type=\"widget\" data-widget_type=\"slider_revolution.default\">\n\t\t\t\t<div class=\"elementor-widget-container\">\n\t\t\t\t\t\n\t\t<div class=\"wp-block-themepunch-revslider\">\n\t\t\t<!-- START Industries REVOLUTION SLIDER 6.6.20 --><p class=\"rs-p-wp-fix\"><\/p>\n\t\t\t<rs-module-wrap id=\"rev_slider_17_1_wrapper\" data-source=\"gallery\" style=\"visibility:hidden;background:transparent;padding:0;margin:0px auto;margin-top:0;margin-bottom:0;\">\n\t\t\t\t<rs-module id=\"rev_slider_17_1\" style=\"\" data-version=\"6.6.20\">\n\t\t\t\t\t<rs-slides style=\"overflow: hidden; position: absolute;\">\n\t\t\t\t\t\t<rs-slide style=\"position: absolute;\" data-key=\"rs-35\" data-title=\"Slide\" data-in=\"o:0;\" data-out=\"a:false;\">\n\t\t\t\t\t\t\t<img decoding=\"async\" src=\"\/\/demo.cuevano.mx\/altbic\/wp-content\/plugins\/revslider\/public\/assets\/assets\/dummy.png\" alt=\"\" title=\"call to action industries\" width=\"1924\" height=\"792\" class=\"rev-slidebg tp-rs-img rs-lazyload\" data-lazyload=\"\/\/demo.cuevano.mx\/altbic\/wp-content\/uploads\/2024\/06\/call-to-action-industries.jpg\" data-panzoom=\"d:10000;ss:100;se:105%;os:20px\/-20px;oe:30px\/-30px;\" data-no-retina>\n<!--\n\t\t\t\t\t\t\t--><rs-layer\n\t\t\t\t\t\t\t\tid=\"slider-17-slide-35-layer-0\" \n\t\t\t\t\t\t\t\tclass=\"slider-title\"\n\t\t\t\t\t\t\t\tdata-type=\"text\"\n\t\t\t\t\t\t\t\tdata-xy=\"x:c;y:m;yo:-30px,10px,-16px,-100px;\"\n\t\t\t\t\t\t\t\tdata-text=\"w:normal;s:40,40,40,12;a:center;\"\n\t\t\t\t\t\t\t\tdata-dim=\"w:750px,750px,580px,300px;\"\n\t\t\t\t\t\t\t\tdata-basealign=\"slide\"\n\t\t\t\t\t\t\t\tdata-rsp_o=\"off\"\n\t\t\t\t\t\t\t\tdata-rsp_bd=\"off\"\n\t\t\t\t\t\t\t\tdata-frame_0=\"y:-30px;\"\n\t\t\t\t\t\t\t\tdata-frame_1=\"st:100;sp:1000;\"\n\t\t\t\t\t\t\t\tdata-frame_999=\"o:0;st:w;\"\n\t\t\t\t\t\t\t\tstyle=\"z-index:8;font-family:'Roboto';\"\n\t\t\t\t\t\t\t><div class=\"qodef-shortcode qodef-m  qodef-section-title qodef-alignment--center \">\n\t\t<h1 class=\"qodef-m-title\" style=\"color: #ffffff\">\n\t\t\t\t\tLET'S SHAPE THE FUTURE TOGETHER\t\t\t<\/h1>\n\t<\/div>\n \n\t\t\t\t\t\t\t<\/rs-layer><!--\n\n\t\t\t\t\t\t\t--><rs-layer\n\t\t\t\t\t\t\t\tid=\"slider-17-slide-35-layer-2\" \n\t\t\t\t\t\t\t\tclass=\"slider-button\"\n\t\t\t\t\t\t\t\tdata-type=\"text\"\n\t\t\t\t\t\t\t\tdata-xy=\"x:c;y:m;yo:170px,128px,102px,150px;\"\n\t\t\t\t\t\t\t\tdata-text=\"w:normal;a:center;\"\n\t\t\t\t\t\t\t\tdata-dim=\"w:600px;\"\n\t\t\t\t\t\t\t\tdata-basealign=\"slide\"\n\t\t\t\t\t\t\t\tdata-rsp_o=\"off\"\n\t\t\t\t\t\t\t\tdata-rsp_bd=\"off\"\n\t\t\t\t\t\t\t\tdata-frame_0=\"y:-30px;\"\n\t\t\t\t\t\t\t\tdata-frame_1=\"st:200;sp:1000;\"\n\t\t\t\t\t\t\t\tdata-frame_999=\"o:0;st:w;\"\n\t\t\t\t\t\t\t\tstyle=\"z-index:9;font-family:'Roboto';\"\n\t\t\t\t\t\t\t><a class=\"qodef-shortcode qodef-m  qodef-button qodef-layout--filled qodef-background--blur  qodef-html--link\" href=\"https:\/\/demo.cuevano.mx\/altbic\/send-rfp\" target=\"_self\"  style=\"background-color: #8201e0\">\n    <span class=\"qodef-m-text\">Send RFP<\/span>\n    <span class=\"qodef-m-arrow\"><svg class=\"qodef-svg--button-arrow\" xmlns=\"http:\/\/www.w3.org\/2000\/svg\" width=\"10\" height=\"10\" viewBox=\"0 0 9.8 9.8\"><g><path d=\"m.4 9.4 9-9\"\/><path d=\"M.4.5h8.9\"\/><path d=\"M9.3 9.4V.5\"\/><\/g><g><path d=\"m.4 9.4 9-9\"\/><path d=\"M.4.5h8.9\"\/><path d=\"M9.3 9.4V.5\"\/><\/g><\/svg><\/span>\n<\/a>\n \n\t\t\t\t\t\t\t<\/rs-layer><!--\n\n\t\t\t\t\t\t\t--><rs-layer\n\t\t\t\t\t\t\t\tid=\"slider-17-slide-35-layer-4\" \n\t\t\t\t\t\t\t\tdata-type=\"text\"\n\t\t\t\t\t\t\t\tdata-xy=\"x:c;y:m;yo:50px,10px,-16px,-15px;\"\n\t\t\t\t\t\t\t\tdata-text=\"w:normal;a:center;\"\n\t\t\t\t\t\t\t\tdata-dim=\"w:600px,600px,580px,255px;\"\n\t\t\t\t\t\t\t\tdata-basealign=\"slide\"\n\t\t\t\t\t\t\t\tdata-rsp_o=\"off\"\n\t\t\t\t\t\t\t\tdata-rsp_bd=\"off\"\n\t\t\t\t\t\t\t\tdata-frame_0=\"y:-30px;\"\n\t\t\t\t\t\t\t\tdata-frame_1=\"st:100;sp:1000;\"\n\t\t\t\t\t\t\t\tdata-frame_999=\"o:0;st:w;\"\n\t\t\t\t\t\t\t\tstyle=\"z-index:7;font-family:'Roboto';\"\n\t\t\t\t\t\t\t><div class=\"qodef-shortcode qodef-m  qodef-section-title qodef-alignment--center \">\n\t\t<p class=\"qodef-m-title\" style=\"color: #ffffff\">\n\t\t\t\t\tComencemos a darle forma al futuro empresarial.\t\t\t<\/p>\n\t<\/div>\n \n\t\t\t\t\t\t\t<\/rs-layer><!--\n\n\t\t\t\t\t\t\t--><rs-layer\n\t\t\t\t\t\t\t\tid=\"slider-17-slide-35-layer-5\" \n\t\t\t\t\t\t\t\tdata-type=\"text\"\n\t\t\t\t\t\t\t\tdata-xy=\"x:c;y:m;yo:90px,10px,-16px,65px;\"\n\t\t\t\t\t\t\t\tdata-text=\"w:normal;a:center;\"\n\t\t\t\t\t\t\t\tdata-dim=\"w:645px,645px,580px,255px;\"\n\t\t\t\t\t\t\t\tdata-basealign=\"slide\"\n\t\t\t\t\t\t\t\tdata-rsp_o=\"off\"\n\t\t\t\t\t\t\t\tdata-rsp_bd=\"off\"\n\t\t\t\t\t\t\t\tdata-frame_0=\"y:-30px;\"\n\t\t\t\t\t\t\t\tdata-frame_1=\"st:100;sp:1000;\"\n\t\t\t\t\t\t\t\tdata-frame_999=\"o:0;st:w;\"\n\t\t\t\t\t\t\t\tstyle=\"z-index:6;font-family:'Roboto';\"\n\t\t\t\t\t\t\t><div class=\"qodef-shortcode qodef-m  qodef-section-title qodef-alignment--center \">\n\t\t<p class=\"qodef-m-title\" style=\"color: #ffffff\">\n\t\t\t\t\tObt\u00e9n un contacto personalizado y llevemos las metas organizacionales al siguiente nivel.\t\t\t<\/p>\n\t<\/div>\n \n\t\t\t\t\t\t\t<\/rs-layer><!--\n-->\t\t\t\t\t\t<\/rs-slide>\n\t\t\t\t\t<\/rs-slides>\n\t\t\t\t<\/rs-module>\n\t\t\t\t<script>\n\t\t\t\t\tsetREVStartSize({c: 'rev_slider_17_1',rl:[1240,1024,778,480],el:[770,645,645,600],gw:[1300,1100,600,300],gh:[770,645,645,600],type:'hero',justify:'',layout:'fullwidth',mh:\"0\"});if (window.RS_MODULES!==undefined && window.RS_MODULES.modules!==undefined && window.RS_MODULES.modules[\"revslider171\"]!==undefined) {window.RS_MODULES.modules[\"revslider171\"].once = false;window.revapi17 = undefined;if (window.RS_MODULES.checkMinimal!==undefined) window.RS_MODULES.checkMinimal()}\n\t\t\t\t<\/script>\n\t\t\t<\/rs-module-wrap>\n\t\t\t<!-- END REVOLUTION SLIDER -->\n<\/div>\n\n\t\t\t\t\t\t<\/div>\n\t\t\t\t<\/div>\n\t\t\t\t\t<\/div>\n\t\t<\/div>\n\t\t\t\t\t<\/div>\n\t\t<\/section>\n\t\t\t\t<\/div>\n\t\t","protected":false},"excerpt":{"rendered":"<p>Agronegocios Industrial hub Sowing the seeds of change Nos encontramos en una era donde es esencial aumentar la productividad para satisfacer las necesidades de una poblaci\u00f3n mundial en crecimiento, mientras nos adaptamos al cambio clim\u00e1tico y adoptamos pr\u00e1cticas sostenibles e innovadoras. Reconocemos los desaf\u00edos complejos que enfrenta la industria de agronegocios. Asesoramos y desarrollamos estrategias [&hellip;]<\/p>\n","protected":false},"author":3,"featured_media":0,"parent":89853,"menu_order":0,"comment_status":"closed","ping_status":"closed","template":"page-full-width.php","meta":{"footnotes":""},"class_list":["post-89927","page","type-page","status-publish","hentry"],"yoast_head":"<!-- This site is optimized with the Yoast SEO plugin v27.5 - https:\/\/yoast.com\/product\/yoast-seo-wordpress\/ -->\n<title>Agronegocios - altbic<\/title>\n<meta name=\"robots\" content=\"index, follow, max-snippet:-1, max-image-preview:large, max-video-preview:-1\" \/>\n<link rel=\"canonical\" href=\"https:\/\/demo.cuevano.mx\/altbic\/industries\/industrial-hub\/agronegocios\/\" \/>\n<meta property=\"og:locale\" content=\"es_ES\" \/>\n<meta property=\"og:type\" content=\"article\" \/>\n<meta property=\"og:title\" content=\"Agronegocios - altbic\" \/>\n<meta property=\"og:description\" content=\"Agronegocios Industrial hub Sowing the seeds of change Nos encontramos en una era donde es esencial aumentar la productividad para satisfacer las necesidades de una poblaci\u00f3n mundial en crecimiento, mientras nos adaptamos al cambio clim\u00e1tico y adoptamos pr\u00e1cticas sostenibles e innovadoras. Reconocemos los desaf\u00edos complejos que enfrenta la industria de agronegocios. Asesoramos y desarrollamos estrategias [&hellip;]\" \/>\n<meta property=\"og:url\" content=\"https:\/\/demo.cuevano.mx\/altbic\/industries\/industrial-hub\/agronegocios\/\" \/>\n<meta property=\"og:site_name\" content=\"altbic\" \/>\n<meta property=\"article:modified_time\" content=\"2024-07-10T17:24:15+00:00\" \/>\n<meta property=\"og:image\" content=\"https:\/\/demo.cuevano.mx\/altbic\/wp-content\/uploads\/2024\/06\/individual-agronegocios.jpg\" \/>\n<meta name=\"twitter:card\" content=\"summary_large_image\" \/>\n<meta name=\"twitter:label1\" content=\"Tiempo de lectura\" \/>\n\t<meta name=\"twitter:data1\" content=\"1 minuto\" \/>\n<script type=\"application\/ld+json\" class=\"yoast-schema-graph\">{\"@context\":\"https:\\\/\\\/schema.org\",\"@graph\":[{\"@type\":\"WebPage\",\"@id\":\"https:\\\/\\\/demo.cuevano.mx\\\/altbic\\\/industries\\\/industrial-hub\\\/agronegocios\\\/\",\"url\":\"https:\\\/\\\/demo.cuevano.mx\\\/altbic\\\/industries\\\/industrial-hub\\\/agronegocios\\\/\",\"name\":\"Agronegocios - altbic\",\"isPartOf\":{\"@id\":\"https:\\\/\\\/demo.cuevano.mx\\\/altbic\\\/#website\"},\"primaryImageOfPage\":{\"@id\":\"https:\\\/\\\/demo.cuevano.mx\\\/altbic\\\/industries\\\/industrial-hub\\\/agronegocios\\\/#primaryimage\"},\"image\":{\"@id\":\"https:\\\/\\\/demo.cuevano.mx\\\/altbic\\\/industries\\\/industrial-hub\\\/agronegocios\\\/#primaryimage\"},\"thumbnailUrl\":\"https:\\\/\\\/demo.cuevano.mx\\\/altbic\\\/wp-content\\\/uploads\\\/2024\\\/06\\\/individual-agronegocios.jpg\",\"datePublished\":\"2024-06-16T20:48:21+00:00\",\"dateModified\":\"2024-07-10T17:24:15+00:00\",\"breadcrumb\":{\"@id\":\"https:\\\/\\\/demo.cuevano.mx\\\/altbic\\\/industries\\\/industrial-hub\\\/agronegocios\\\/#breadcrumb\"},\"inLanguage\":\"es\",\"potentialAction\":[{\"@type\":\"ReadAction\",\"target\":[\"https:\\\/\\\/demo.cuevano.mx\\\/altbic\\\/industries\\\/industrial-hub\\\/agronegocios\\\/\"]}]},{\"@type\":\"ImageObject\",\"inLanguage\":\"es\",\"@id\":\"https:\\\/\\\/demo.cuevano.mx\\\/altbic\\\/industries\\\/industrial-hub\\\/agronegocios\\\/#primaryimage\",\"url\":\"https:\\\/\\\/demo.cuevano.mx\\\/altbic\\\/wp-content\\\/uploads\\\/2024\\\/06\\\/individual-agronegocios.jpg\",\"contentUrl\":\"https:\\\/\\\/demo.cuevano.mx\\\/altbic\\\/wp-content\\\/uploads\\\/2024\\\/06\\\/individual-agronegocios.jpg\",\"width\":600,\"height\":600},{\"@type\":\"BreadcrumbList\",\"@id\":\"https:\\\/\\\/demo.cuevano.mx\\\/altbic\\\/industries\\\/industrial-hub\\\/agronegocios\\\/#breadcrumb\",\"itemListElement\":[{\"@type\":\"ListItem\",\"position\":1,\"name\":\"Home\",\"item\":\"https:\\\/\\\/demo.cuevano.mx\\\/altbic\\\/\"},{\"@type\":\"ListItem\",\"position\":2,\"name\":\"Industries\",\"item\":\"https:\\\/\\\/demo.cuevano.mx\\\/altbic\\\/industries\\\/\"},{\"@type\":\"ListItem\",\"position\":3,\"name\":\"Industries\",\"item\":\"https:\\\/\\\/demo.cuevano.mx\\\/altbic\\\/industries\\\/industrial-hub\\\/\"},{\"@type\":\"ListItem\",\"position\":4,\"name\":\"Agronegocios\"}]},{\"@type\":\"WebSite\",\"@id\":\"https:\\\/\\\/demo.cuevano.mx\\\/altbic\\\/#website\",\"url\":\"https:\\\/\\\/demo.cuevano.mx\\\/altbic\\\/\",\"name\":\"altbic\",\"description\":\"\",\"publisher\":{\"@id\":\"https:\\\/\\\/demo.cuevano.mx\\\/altbic\\\/#organization\"},\"potentialAction\":[{\"@type\":\"SearchAction\",\"target\":{\"@type\":\"EntryPoint\",\"urlTemplate\":\"https:\\\/\\\/demo.cuevano.mx\\\/altbic\\\/?s={search_term_string}\"},\"query-input\":{\"@type\":\"PropertyValueSpecification\",\"valueRequired\":true,\"valueName\":\"search_term_string\"}}],\"inLanguage\":\"es\"},{\"@type\":\"Organization\",\"@id\":\"https:\\\/\\\/demo.cuevano.mx\\\/altbic\\\/#organization\",\"name\":\"Altbic\",\"url\":\"https:\\\/\\\/demo.cuevano.mx\\\/altbic\\\/\",\"logo\":{\"@type\":\"ImageObject\",\"inLanguage\":\"es\",\"@id\":\"https:\\\/\\\/demo.cuevano.mx\\\/altbic\\\/#\\\/schema\\\/logo\\\/image\\\/\",\"url\":\"https:\\\/\\\/demo.cuevano.mx\\\/altbic\\\/wp-content\\\/uploads\\\/2023\\\/09\\\/cropped-Logo.png\",\"contentUrl\":\"https:\\\/\\\/demo.cuevano.mx\\\/altbic\\\/wp-content\\\/uploads\\\/2023\\\/09\\\/cropped-Logo.png\",\"width\":420,\"height\":136,\"caption\":\"Altbic\"},\"image\":{\"@id\":\"https:\\\/\\\/demo.cuevano.mx\\\/altbic\\\/#\\\/schema\\\/logo\\\/image\\\/\"},\"sameAs\":[\"https:\\\/\\\/www.instagram.com\\\/altbic\\\/\"]}]}<\/script>\n<!-- \/ Yoast SEO plugin. -->","yoast_head_json":{"title":"Agronegocios - altbic","robots":{"index":"index","follow":"follow","max-snippet":"max-snippet:-1","max-image-preview":"max-image-preview:large","max-video-preview":"max-video-preview:-1"},"canonical":"https:\/\/demo.cuevano.mx\/altbic\/industries\/industrial-hub\/agronegocios\/","og_locale":"es_ES","og_type":"article","og_title":"Agronegocios - altbic","og_description":"Agronegocios Industrial hub Sowing the seeds of change Nos encontramos en una era donde es esencial aumentar la productividad para satisfacer las necesidades de una poblaci\u00f3n mundial en crecimiento, mientras nos adaptamos al cambio clim\u00e1tico y adoptamos pr\u00e1cticas sostenibles e innovadoras. Reconocemos los desaf\u00edos complejos que enfrenta la industria de agronegocios. Asesoramos y desarrollamos estrategias [&hellip;]","og_url":"https:\/\/demo.cuevano.mx\/altbic\/industries\/industrial-hub\/agronegocios\/","og_site_name":"altbic","article_modified_time":"2024-07-10T17:24:15+00:00","og_image":[{"url":"https:\/\/demo.cuevano.mx\/altbic\/wp-content\/uploads\/2024\/06\/individual-agronegocios.jpg","type":"","width":"","height":""}],"twitter_card":"summary_large_image","twitter_misc":{"Tiempo de lectura":"1 minuto"},"schema":{"@context":"https:\/\/schema.org","@graph":[{"@type":"WebPage","@id":"https:\/\/demo.cuevano.mx\/altbic\/industries\/industrial-hub\/agronegocios\/","url":"https:\/\/demo.cuevano.mx\/altbic\/industries\/industrial-hub\/agronegocios\/","name":"Agronegocios - altbic","isPartOf":{"@id":"https:\/\/demo.cuevano.mx\/altbic\/#website"},"primaryImageOfPage":{"@id":"https:\/\/demo.cuevano.mx\/altbic\/industries\/industrial-hub\/agronegocios\/#primaryimage"},"image":{"@id":"https:\/\/demo.cuevano.mx\/altbic\/industries\/industrial-hub\/agronegocios\/#primaryimage"},"thumbnailUrl":"https:\/\/demo.cuevano.mx\/altbic\/wp-content\/uploads\/2024\/06\/individual-agronegocios.jpg","datePublished":"2024-06-16T20:48:21+00:00","dateModified":"2024-07-10T17:24:15+00:00","breadcrumb":{"@id":"https:\/\/demo.cuevano.mx\/altbic\/industries\/industrial-hub\/agronegocios\/#breadcrumb"},"inLanguage":"es","potentialAction":[{"@type":"ReadAction","target":["https:\/\/demo.cuevano.mx\/altbic\/industries\/industrial-hub\/agronegocios\/"]}]},{"@type":"ImageObject","inLanguage":"es","@id":"https:\/\/demo.cuevano.mx\/altbic\/industries\/industrial-hub\/agronegocios\/#primaryimage","url":"https:\/\/demo.cuevano.mx\/altbic\/wp-content\/uploads\/2024\/06\/individual-agronegocios.jpg","contentUrl":"https:\/\/demo.cuevano.mx\/altbic\/wp-content\/uploads\/2024\/06\/individual-agronegocios.jpg","width":600,"height":600},{"@type":"BreadcrumbList","@id":"https:\/\/demo.cuevano.mx\/altbic\/industries\/industrial-hub\/agronegocios\/#breadcrumb","itemListElement":[{"@type":"ListItem","position":1,"name":"Home","item":"https:\/\/demo.cuevano.mx\/altbic\/"},{"@type":"ListItem","position":2,"name":"Industries","item":"https:\/\/demo.cuevano.mx\/altbic\/industries\/"},{"@type":"ListItem","position":3,"name":"Industries","item":"https:\/\/demo.cuevano.mx\/altbic\/industries\/industrial-hub\/"},{"@type":"ListItem","position":4,"name":"Agronegocios"}]},{"@type":"WebSite","@id":"https:\/\/demo.cuevano.mx\/altbic\/#website","url":"https:\/\/demo.cuevano.mx\/altbic\/","name":"altbic","description":"","publisher":{"@id":"https:\/\/demo.cuevano.mx\/altbic\/#organization"},"potentialAction":[{"@type":"SearchAction","target":{"@type":"EntryPoint","urlTemplate":"https:\/\/demo.cuevano.mx\/altbic\/?s={search_term_string}"},"query-input":{"@type":"PropertyValueSpecification","valueRequired":true,"valueName":"search_term_string"}}],"inLanguage":"es"},{"@type":"Organization","@id":"https:\/\/demo.cuevano.mx\/altbic\/#organization","name":"Altbic","url":"https:\/\/demo.cuevano.mx\/altbic\/","logo":{"@type":"ImageObject","inLanguage":"es","@id":"https:\/\/demo.cuevano.mx\/altbic\/#\/schema\/logo\/image\/","url":"https:\/\/demo.cuevano.mx\/altbic\/wp-content\/uploads\/2023\/09\/cropped-Logo.png","contentUrl":"https:\/\/demo.cuevano.mx\/altbic\/wp-content\/uploads\/2023\/09\/cropped-Logo.png","width":420,"height":136,"caption":"Altbic"},"image":{"@id":"https:\/\/demo.cuevano.mx\/altbic\/#\/schema\/logo\/image\/"},"sameAs":["https:\/\/www.instagram.com\/altbic\/"]}]}},"_links":{"self":[{"href":"https:\/\/demo.cuevano.mx\/altbic\/wp-json\/wp\/v2\/pages\/89927","targetHints":{"allow":["GET"]}}],"collection":[{"href":"https:\/\/demo.cuevano.mx\/altbic\/wp-json\/wp\/v2\/pages"}],"about":[{"href":"https:\/\/demo.cuevano.mx\/altbic\/wp-json\/wp\/v2\/types\/page"}],"author":[{"embeddable":true,"href":"https:\/\/demo.cuevano.mx\/altbic\/wp-json\/wp\/v2\/users\/3"}],"replies":[{"embeddable":true,"href":"https:\/\/demo.cuevano.mx\/altbic\/wp-json\/wp\/v2\/comments?post=89927"}],"version-history":[{"count":4,"href":"https:\/\/demo.cuevano.mx\/altbic\/wp-json\/wp\/v2\/pages\/89927\/revisions"}],"predecessor-version":[{"id":89932,"href":"https:\/\/demo.cuevano.mx\/altbic\/wp-json\/wp\/v2\/pages\/89927\/revisions\/89932"}],"up":[{"embeddable":true,"href":"https:\/\/demo.cuevano.mx\/altbic\/wp-json\/wp\/v2\/pages\/89853"}],"wp:attachment":[{"href":"https:\/\/demo.cuevano.mx\/altbic\/wp-json\/wp\/v2\/media?parent=89927"}],"curies":[{"name":"wp","href":"https:\/\/api.w.org\/{rel}","templated":true}]}}