{"id":3,"date":"2020-04-01T15:40:47","date_gmt":"2020-04-01T15:40:47","guid":{"rendered":"https:\/\/demo.cuevano.mx\/armando\/?page_id=3"},"modified":"2023-12-11T17:59:32","modified_gmt":"2023-12-11T17:59:32","slug":"aviso-privacidad","status":"publish","type":"page","link":"https:\/\/demo.cuevano.mx\/armando\/aviso-privacidad\/","title":{"rendered":"Aviso de privacidad"},"content":{"rendered":"\n<div class=\"wp-block-group\"><div class=\"wp-block-group__inner-container is-layout-constrained wp-block-group-is-layout-constrained\">\n<h3 class=\"wp-block-heading has-medium-font-size\">1. \u00bfQu\u00e9 hacemos con tu informaci\u00f3n?<\/h3>\n\n\n\n<p>Cuando entras en nuestra p\u00e1gina , como parte del proceso de contacto, nosotros recolectamos la informaci\u00f3n personal que nos das tales como nombre, direcci\u00f3n y correo electr\u00f3nico.<\/p>\n\n\n\n<p>Cuando navegas en nuestra p\u00e1gina, tambi\u00e9n recibimos de manera autom\u00e1tica la direcci\u00f3n de protocolo de internet de tu computadora (IP) con el fin de proporcionarnos informaci\u00f3n que nos ayuda a conocer acerca de su navegador y sistema operativo.<\/p>\n\n\n\n<p>Email marketing: Con tu permiso, podremos enviarte correos electr\u00f3nicos acerca de nuestros nuevos productos y otras actualizaciones.<\/p>\n\n\n\n<div class=\"wp-block-group\"><div class=\"wp-block-group__inner-container is-layout-constrained wp-block-group-is-layout-constrained\">\n<div class=\"wp-block-group\"><div class=\"wp-block-group__inner-container is-layout-constrained wp-block-group-is-layout-constrained\">\n<div class=\"wp-block-group\"><div class=\"wp-block-group__inner-container is-layout-constrained wp-block-group-is-layout-constrained\">\n<div class=\"wp-block-group\"><div class=\"wp-block-group__inner-container is-layout-constrained wp-block-group-is-layout-constrained\">\n<h3 class=\"wp-block-heading has-medium-font-size\">2. Consentimiento<\/h3>\n\n\n\n<p class=\"has-medium-font-size\"><strong>\u00bfC\u00f3mo obtienen mi consentimiento?<\/strong><\/p>\n\n\n\n<p>Cuando nos provees tu informaci\u00f3n personal para enviar un formulario e iniciar un contacto, accedes a la casilla de aviso legal y de consentimiento, esto solamente quiere decir que nosotros te podremos contactar de manera directa y no podremos proporcionar tus datos a terceros. Si te pedimos tu informaci\u00f3n personal por una raz\u00f3n secundaria, como marketing, te pediremos directamente tu expreso consentimiento, o te daremos la oportunidad de negarte.<\/p>\n<\/div><\/div>\n<\/div><\/div>\n\n\n\n<p class=\"has-medium-font-size\"><strong>\u00bfC\u00f3mo puedo anular mi consentimiento?<\/strong><\/p>\n\n\n\n<p>Si luego de haber aceptado cambias de opini\u00f3n, puedes anular tu consentimiento para que te contactemos, por la recolecci\u00f3n, uso o divulgaci\u00f3n de tu informaci\u00f3n, en cualquier momento, contact\u00e1ndonos a\u00a0<a href=\"mailto:contacto@demo.cuevano.mx\" target=\"_blank\" rel=\"noreferrer noopener\"><strong>contacto@demo.cuevano.mx<\/strong><\/a><\/p>\n<\/div><\/div>\n\n\n\n<div class=\"wp-block-group\"><div class=\"wp-block-group__inner-container is-layout-constrained wp-block-group-is-layout-constrained\">\n<h3 class=\"wp-block-heading has-medium-font-size\">3. Divulgaci\u00f3n<\/h3>\n\n\n\n<p>Podemos divulgar tu informaci\u00f3n personal si se requiere por ley o si violas nuestros t\u00e9rminos de servicio.<\/p>\n\n\n\n<div class=\"wp-block-group\"><div class=\"wp-block-group__inner-container is-layout-constrained wp-block-group-is-layout-constrained\">\n<h3 class=\"wp-block-heading has-medium-font-size\">4. Servicios a terceras partes<\/h3>\n\n\n\n<p>En general, los proveedores de terceras partes utilizados por nosotros solo recopilar\u00e1n, usar\u00e1n y divulgar\u00e1n tu informaci\u00f3n en la medida que sea necesaria para que les permita desempe\u00f1ar los servicios que nos proveen. Sin embargo, algunos proveedores de servicios de terceros, tales como pasarelas de pago y otros procesadores de transacciones de pago, tienen sus propias pol\u00edticas de privacidad con respecto a la informaci\u00f3n que estamos obligados a proporcionarles para las transacciones relacionadas con las compras.Para estos proveedores, te recomendamos que leas las pol\u00edticas de privacidad para que puedas entender la manera en que tu informaci\u00f3n personal ser\u00e1 manejada.<\/p>\n\n\n\n<p>En particular, recuerda que algunos proveedores pueden estar ubicados o contar con instalaciones que se encuentran en una jurisdicci\u00f3n diferente a ti o nosotros. As\u00ed que si deseas proceder con una transacci\u00f3n que involucra los servicios de un proveedor a terceros, tu informaci\u00f3n puede estar sujeta a las leyes de la jurisdicci\u00f3n en que se encuentra el proveedor de servicios o sus instalaciones. Una vez que abandonas nuestro sitio web o te re-diriges a un sitio o aplicaci\u00f3n de terceros, ya no est\u00e1s siendo regulados por la presente Pol\u00edtica de Privacidad o los T\u00e9rminos de Servicio de nuestra p\u00e1gina web.<\/p>\n\n\n\n<p class=\"has-medium-font-size\"><strong>Enlaces<\/strong><\/p>\n\n\n\n<p>Cuando haces clic en enlaces de nuestra p\u00e1gina, puede que seas re-dirigido fuera de nuestro sitio. No somos responsables por las pr\u00e1cticas de privacidad de otros sitios y te recomendamos leer sus normas de privacidad.<\/p>\n\n\n\n<div class=\"wp-block-group\"><div class=\"wp-block-group__inner-container is-layout-constrained wp-block-group-is-layout-constrained\">\n<div class=\"wp-block-group\"><div class=\"wp-block-group__inner-container is-layout-constrained wp-block-group-is-layout-constrained\">\n<h3 class=\"wp-block-heading has-medium-font-size\">5. Seguridad<\/h3>\n\n\n\n<p>Para proteger tu informaci\u00f3n personal, tomamos precauciones razonables y seguimos las mejores pr\u00e1cticas de la industria para asegurarnos de que no haya p\u00e9rdida de manera inapropiada, mal uso, acceso, divulgaci\u00f3n, alteraci\u00f3n o destrucci\u00f3n de la misma. Si nos proporcionas la informaci\u00f3n de tu tarjeta de cr\u00e9dito, dicha informaci\u00f3n es encriptada mediante la tecnolog\u00eda Secure Socket Layer (SSL) y se almacena con un cifrado AES-256. Aunque ning\u00fan m\u00e9todo de transmisi\u00f3n a trav\u00e9s de Internet o de almacenamiento electr\u00f3nico es 100% seguro, seguimos todos los requisitos de PCI-DSS e implementamos normas adicionales aceptadas por la industria.<\/p>\n<\/div><\/div>\n\n\n\n<p class=\"has-medium-font-size\"><strong>Cookies<\/strong><\/p>\n\n\n\n<p>Aqu\u00ed tienes una lista de cookies que utilizamos. Las enlistamos para que puedas elegir si quieres optar por quitarlas o no.<\/p>\n\n\n\n<p class=\"has-medium-font-size\"><strong>Google Analytics<\/strong><\/p>\n\n\n\n<p>Nuestra p\u00e1gina utiliza cookies de desempe\u00f1o de tercera parte de Google Analytics (servicio ofrecido por Google, Inc.) para permitirle recoger de forma an\u00f3nima y de analizar el comportamiento de los visitantes durante la permanencia dentro del sitio, con el fin de mejorar su experiencia y utilizo. A trav\u00e9s del uso del panel de control de Google Analytics, es posible entender si las visitas de los usuarios fueron de visitantes nuevos o que regresaron a la p\u00e1gina, verificando la modalidad de navegaci\u00f3n de la p\u00e1gina (link de ingreso, de salida, navegaci\u00f3n entre la p\u00e1gina, tiempo de permanencia, lugar de procedencia geogr\u00e1fica, etc.<\/p>\n\n\n\n<p>Para mas informaci\u00f3n con respecto a Google Analytics es posible consultar los sitios: <\/p>\n\n\n\n<p><a rel=\"noreferrer noopener\" href=\"https:\/\/developers.google.com\/analytics\/devguides\/collection\/analyticsjs\/cookie-usage\" target=\"_blank\"><strong>https:\/\/developers.google.com\/analytics\/devguides\/collection\/analyticsjs\/cookie-usage<\/strong><\/a><\/p>\n\n\n\n<p><a rel=\"noreferrer noopener\" href=\"https:\/\/www.google.it\/policies\/privacy\/partners\/\" target=\"_blank\"><strong>https:\/\/www.google.it\/policies\/privacy\/partners\/<\/strong><\/a><\/p>\n\n\n\n<p>Tambi\u00e9n resulta posible deshabitar las acciones de Google Analytics a trav\u00e9s de los instrumentos que ofrece las plataformas de Google.<\/p>\n\n\n\n<p>Para mayor informaci\u00f3n conforme a este tema, consultar la p\u00e1gina: https:\/\/tools.google.com\/dlpage\/gaoptout<\/p>\n\n\n\n<p><strong>WordPress<\/strong><\/p>\n\n\n\n<ul class=\"wp-block-list\">\n<li>CookieLawInfoConsent<\/li>\n\n\n\n<li>cookielawinfo-checkbox-necesarias<\/li>\n\n\n\n<li>cookielawinfo-checkbox-no-necesarias<\/li>\n\n\n\n<li>cookielawinfo-checkbox-desempeno<\/li>\n\n\n\n<li>cookielawinfo-checkbox-analisis<\/li>\n\n\n\n<li>cookielawinfo-checkbox-funcionales<\/li>\n\n\n\n<li>cookielawinfo-checkbox-publicidad<\/li>\n\n\n\n<li>cookielawinfo-checkbox-otras<\/li>\n\n\n\n<li>viewed_cookie_policy<\/li>\n\n\n\n<li>wordpress_test_cookie<\/li>\n\n\n\n<li>wp-settings-1<\/li>\n\n\n\n<li>wp-settings-time-1<\/li>\n\n\n\n<li>ue-cookie<\/li>\n\n\n\n<li>_ga<\/li>\n\n\n\n<li>_ga_H7WZ0NKCHS<\/li>\n<\/ul>\n\n\n\n<div class=\"wp-block-group\"><div class=\"wp-block-group__inner-container is-layout-constrained wp-block-group-is-layout-constrained\">\n<h3 class=\"wp-block-heading has-medium-font-size\">6. Edad de consentimiento<\/h3>\n\n\n\n<p>Al utilizar este sitio, declaras que tienes al menos la mayor\u00eda de edad en tu estado o provincia de residencia y que nos has dado tu consentimiento para permitir que cualquiera de tus dependientes menores use este sitio.<\/p>\n\n\n\n<div class=\"wp-block-group\"><div class=\"wp-block-group__inner-container is-layout-constrained wp-block-group-is-layout-constrained\">\n<div class=\"wp-block-group\"><div class=\"wp-block-group__inner-container is-layout-constrained wp-block-group-is-layout-constrained\">\n<h3 class=\"wp-block-heading has-medium-font-size\">7. Cambios de pol\u00edtica de privacidad<\/h3>\n\n\n\n<p>Nos reservamos el derecho de modificar esta pol\u00edtica de privacidad en cualquier momento, as\u00ed que por favor rev\u00edsala frecuentemente. Cambios y aclaraciones entrar\u00e1n en vigencia inmediatamente despu\u00e9s de su publicaci\u00f3n en el sitio web. Si hacemos cambios materiales a esta pol\u00edtica, notificaremos aqu\u00ed que ha sido actualizada, por lo que cual est\u00e1s enterado de qu\u00e9 informaci\u00f3n recopilamos, c\u00f3mo y bajo qu\u00e9 circunstancias, si las hubiere, la utilizamos y\/o divulgamos.<\/p>\n<\/div><\/div>\n\n\n\n<p>Si nuestra p\u00e1gina es adquirida o fusionada con otra empresa, tu informaci\u00f3n puede ser transferida a los nuevos propietarios, para que podamos seguir ofreci\u00e9ndote productos.<\/p>\n\n\n\n<div class=\"wp-block-group\"><div class=\"wp-block-group__inner-container is-layout-constrained wp-block-group-is-layout-constrained\">\n<h3 class=\"wp-block-heading has-medium-font-size\">Preguntas e informaci\u00f3n<\/h3>\n\n\n\n<p>Si quieres: acceder, corregir, enmendar o borrar cualquier informaci\u00f3n personal que poseamos sobre ti, registrar una queja, o simplemente quieres m\u00e1s informaci\u00f3n contacta a nuestro Oficial de Cumplimiento de Privacidad\u00a0<a href=\"mailto:contacto@demo.cuevano.mx\" target=\"_blank\" rel=\"noreferrer noopener\"><strong>contacto@demo.cuevano.mx<\/strong><\/a> o comun\u00edcate al tel\u00e9fono <a href=\"tel:+524775772926\" target=\"_blank\" rel=\"noreferrer noopener\"><strong>+52 477 577 2926<\/strong><\/a><\/p>\n<\/div><\/div>\n<\/div><\/div>\n<\/div><\/div>\n<\/div><\/div>\n<\/div><\/div>\n<\/div><\/div>\n<\/div><\/div>\n<\/div><\/div>\n","protected":false},"excerpt":{"rendered":"<p>1. \u00bfQu\u00e9 hacemos con tu informaci\u00f3n? Cuando entras en nuestra p\u00e1gina , como parte del proceso de contacto, nosotros recolectamos la informaci\u00f3n personal que nos das tales como nombre, direcci\u00f3n y correo electr\u00f3nico. Cuando navegas en nuestra p\u00e1gina, tambi\u00e9n recibimos de manera autom\u00e1tica la direcci\u00f3n de protocolo de internet de tu computadora (IP) con el [&hellip;]<\/p>\n","protected":false},"author":1,"featured_media":0,"parent":0,"menu_order":0,"comment_status":"closed","ping_status":"closed","template":"","meta":{"footnotes":""},"class_list":["post-3","page","type-page","status-publish","hentry"],"aioseo_notices":[],"_links":{"self":[{"href":"https:\/\/demo.cuevano.mx\/armando\/wp-json\/wp\/v2\/pages\/3","targetHints":{"allow":["GET"]}}],"collection":[{"href":"https:\/\/demo.cuevano.mx\/armando\/wp-json\/wp\/v2\/pages"}],"about":[{"href":"https:\/\/demo.cuevano.mx\/armando\/wp-json\/wp\/v2\/types\/page"}],"author":[{"embeddable":true,"href":"https:\/\/demo.cuevano.mx\/armando\/wp-json\/wp\/v2\/users\/1"}],"replies":[{"embeddable":true,"href":"https:\/\/demo.cuevano.mx\/armando\/wp-json\/wp\/v2\/comments?post=3"}],"version-history":[{"count":4,"href":"https:\/\/demo.cuevano.mx\/armando\/wp-json\/wp\/v2\/pages\/3\/revisions"}],"predecessor-version":[{"id":5440,"href":"https:\/\/demo.cuevano.mx\/armando\/wp-json\/wp\/v2\/pages\/3\/revisions\/5440"}],"wp:attachment":[{"href":"https:\/\/demo.cuevano.mx\/armando\/wp-json\/wp\/v2\/media?parent=3"}],"curies":[{"name":"wp","href":"https:\/\/api.w.org\/{rel}","templated":true}]}}